{"id":607,"date":"2024-08-05T13:38:45","date_gmt":"2024-08-05T13:38:45","guid":{"rendered":"https:\/\/gretaschneider.at\/?page_id=607"},"modified":"2024-08-12T05:14:56","modified_gmt":"2024-08-12T05:14:56","slug":"engel-ueber-wien","status":"publish","type":"page","link":"https:\/\/gretaschneider.at\/index.php\/austellungen\/engel-ueber-wien\/","title":{"rendered":"engel \u00fcber wien"},"content":{"rendered":"<p><a href=\"https:\/\/gretaschneider.at\/wp-content\/uploads\/2024\/08\/IMG_8506-2-scaled.jpg\"><img loading=\"lazy\" decoding=\"async\" class=\"alignnone wp-image-614 size-medium\" src=\"https:\/\/gretaschneider.at\/wp-content\/uploads\/2024\/08\/IMG_8506-2-300x200.jpg\" alt=\"\" width=\"300\" height=\"200\" srcset=\"https:\/\/gretaschneider.at\/wp-content\/uploads\/2024\/08\/IMG_8506-2-300x200.jpg 300w, https:\/\/gretaschneider.at\/wp-content\/uploads\/2024\/08\/IMG_8506-2-1024x684.jpg 1024w, https:\/\/gretaschneider.at\/wp-content\/uploads\/2024\/08\/IMG_8506-2-768x513.jpg 768w, https:\/\/gretaschneider.at\/wp-content\/uploads\/2024\/08\/IMG_8506-2-1536x1025.jpg 1536w, https:\/\/gretaschneider.at\/wp-content\/uploads\/2024\/08\/IMG_8506-2-2048x1367.jpg 2048w\" sizes=\"auto, (max-width: 300px) 100vw, 300px\" \/><\/a><\/p>\n<p><span class=\"Stil20\">ein<span class=\"Stil23\">\u00a0<strong>engel f\u00fcr die tapferkeit<\/strong>\u00a0<span class=\"Stil24\">und einer, der hilft zu\u00a0beharren<br \/>\n<\/span><\/span><\/span><span class=\"Stil20\">engel, die st\u00fctzen, droht einer sich selbst und sein ziel zu verraten.<\/span><\/p>\n<hr \/>\n<p><a href=\"https:\/\/gretaschneider.at\/wp-content\/uploads\/2024\/08\/IMG_8357-2-scaled.jpg\"><img loading=\"lazy\" decoding=\"async\" class=\"alignnone wp-image-615 size-medium\" src=\"https:\/\/gretaschneider.at\/wp-content\/uploads\/2024\/08\/IMG_8357-2-300x200.jpg\" alt=\"\" width=\"300\" height=\"200\" srcset=\"https:\/\/gretaschneider.at\/wp-content\/uploads\/2024\/08\/IMG_8357-2-300x200.jpg 300w, https:\/\/gretaschneider.at\/wp-content\/uploads\/2024\/08\/IMG_8357-2-1024x684.jpg 1024w, https:\/\/gretaschneider.at\/wp-content\/uploads\/2024\/08\/IMG_8357-2-768x513.jpg 768w, https:\/\/gretaschneider.at\/wp-content\/uploads\/2024\/08\/IMG_8357-2-1536x1025.jpg 1536w, https:\/\/gretaschneider.at\/wp-content\/uploads\/2024\/08\/IMG_8357-2-2048x1367.jpg 2048w\" sizes=\"auto, (max-width: 300px) 100vw, 300px\" \/><\/a><\/p>\n<p class=\"Stil20\">er schenkt dir die ahnung von etwas gro\u00dfem.<br \/>\ner streut dir die sehnsucht nach einer guten, gerechten welt tief ins herz.<br \/>\nder <strong>engel der hoffnung<\/strong><\/p>\n<hr \/>\n<p><a href=\"https:\/\/gretaschneider.at\/wp-content\/uploads\/2024\/08\/IMG_8364-scaled.jpg\"><img loading=\"lazy\" decoding=\"async\" class=\"alignnone wp-image-616 size-medium\" src=\"https:\/\/gretaschneider.at\/wp-content\/uploads\/2024\/08\/IMG_8364-300x200.jpg\" alt=\"\" width=\"300\" height=\"200\" srcset=\"https:\/\/gretaschneider.at\/wp-content\/uploads\/2024\/08\/IMG_8364-300x200.jpg 300w, https:\/\/gretaschneider.at\/wp-content\/uploads\/2024\/08\/IMG_8364-1024x684.jpg 1024w, https:\/\/gretaschneider.at\/wp-content\/uploads\/2024\/08\/IMG_8364-768x513.jpg 768w, https:\/\/gretaschneider.at\/wp-content\/uploads\/2024\/08\/IMG_8364-1536x1025.jpg 1536w, https:\/\/gretaschneider.at\/wp-content\/uploads\/2024\/08\/IMG_8364-2048x1367.jpg 2048w\" sizes=\"auto, (max-width: 300px) 100vw, 300px\" \/><\/a><\/p>\n<p class=\"Stil20\">er gew\u00e4hrt dir zu schweigen auch in gedanken <span class=\"Stil20\">der<\/span><span class=\"Stil34\">\u00a0<strong>engel des schweigens<\/strong><br \/>\n<\/span>dann kannst du im augenblick sein ganz im augenblick sein und <span class=\"Stil20\">voll licht<\/span><\/p>\n<hr \/>\n<p><a href=\"https:\/\/gretaschneider.at\/wp-content\/uploads\/2024\/08\/IMG_8348-scaled.jpg\"><img loading=\"lazy\" decoding=\"async\" class=\"alignnone wp-image-618 size-medium\" src=\"https:\/\/gretaschneider.at\/wp-content\/uploads\/2024\/08\/IMG_8348-200x300.jpg\" alt=\"\" width=\"200\" height=\"300\" srcset=\"https:\/\/gretaschneider.at\/wp-content\/uploads\/2024\/08\/IMG_8348-200x300.jpg 200w, https:\/\/gretaschneider.at\/wp-content\/uploads\/2024\/08\/IMG_8348-684x1024.jpg 684w, https:\/\/gretaschneider.at\/wp-content\/uploads\/2024\/08\/IMG_8348-768x1150.jpg 768w, https:\/\/gretaschneider.at\/wp-content\/uploads\/2024\/08\/IMG_8348-1025x1536.jpg 1025w, https:\/\/gretaschneider.at\/wp-content\/uploads\/2024\/08\/IMG_8348-1367x2048.jpg 1367w, https:\/\/gretaschneider.at\/wp-content\/uploads\/2024\/08\/IMG_8348-scaled.jpg 1709w\" sizes=\"auto, (max-width: 200px) 100vw, 200px\" \/><\/a><\/p>\n<p align=\"left\"><span class=\"Stil20\">einer, der hilft, sich selbst <\/span>und dem n\u00e4chsten gerecht zu werden<br \/>\neiner, der l\u00f6sungen f\u00fcr verstricktes kennt der <strong>engel der gerechtigkeit<\/strong><\/p>\n<hr \/>\n<p><a href=\"https:\/\/gretaschneider.at\/wp-content\/uploads\/2024\/08\/IMG_8358-2-scaled.jpg\"><img loading=\"lazy\" decoding=\"async\" class=\"alignnone wp-image-619 size-medium\" src=\"https:\/\/gretaschneider.at\/wp-content\/uploads\/2024\/08\/IMG_8358-2-300x200.jpg\" alt=\"\" width=\"300\" height=\"200\" srcset=\"https:\/\/gretaschneider.at\/wp-content\/uploads\/2024\/08\/IMG_8358-2-300x200.jpg 300w, https:\/\/gretaschneider.at\/wp-content\/uploads\/2024\/08\/IMG_8358-2-1024x684.jpg 1024w, https:\/\/gretaschneider.at\/wp-content\/uploads\/2024\/08\/IMG_8358-2-768x513.jpg 768w, https:\/\/gretaschneider.at\/wp-content\/uploads\/2024\/08\/IMG_8358-2-1536x1025.jpg 1536w, https:\/\/gretaschneider.at\/wp-content\/uploads\/2024\/08\/IMG_8358-2-2048x1367.jpg 2048w\" sizes=\"auto, (max-width: 300px) 100vw, 300px\" \/><\/a><\/p>\n<div align=\"left\">\n<p class=\"Stil34\">der <strong>engel der lebenslust<\/strong> hilft dir den duft der morgenluft tief einzuatmen<br \/>\ndeinen schlafschweren k\u00f6rper munter zu dehnen und strecken<br \/>\ner hilft dir den morgenkaffee zu genie\u00dfen er l\u00e4\u00dft dich jubeln<br \/>\nweil du gesund bist und weil jeder tag eine neue chance bringt vor freude zu h\u00fcpfen.<\/p>\n<\/div>\n<p class=\"Stil20\">hilft dir einer beim tragen deiner schw\u00e4chen sagt einer &#8220; komm mit<br \/>\nund schau jetzt von hier, ist das nicht komisch ? &#8220; \u00fcberbr\u00fcckt zersprengtes<br \/>\nund flickt was durch gegens\u00e4tze zerrissen in dir, dann ist das der\u00a0<strong><span class=\"Stil34\">engel des lachens<\/span><\/strong><\/p>\n<hr \/>\n<p><a href=\"https:\/\/gretaschneider.at\/wp-content\/uploads\/2024\/08\/IMG_8359-gross.jpg\"><img loading=\"lazy\" decoding=\"async\" class=\"alignnone wp-image-623 size-medium\" src=\"https:\/\/gretaschneider.at\/wp-content\/uploads\/2024\/08\/IMG_8359-gross-200x300.jpg\" alt=\"\" width=\"200\" height=\"300\" srcset=\"https:\/\/gretaschneider.at\/wp-content\/uploads\/2024\/08\/IMG_8359-gross-200x300.jpg 200w, https:\/\/gretaschneider.at\/wp-content\/uploads\/2024\/08\/IMG_8359-gross.jpg 267w\" sizes=\"auto, (max-width: 200px) 100vw, 200px\" \/><\/a><\/p>\n<p class=\"Stil34\">der <strong>engel des l\u00e4chelns<\/strong> zieht dir die mundwinkel nach oben damit die, die dich sehen,<\/p>\n<p class=\"Stil34\">es dir gleichtun und irgendwann l\u00e4chelt dann jeder jeden, und jede jede und jeder jede<\/p>\n<p class=\"Stil20\">und jede jeden an<\/p>\n<hr \/>\n<p><a href=\"https:\/\/gretaschneider.at\/wp-content\/uploads\/2024\/08\/IMG_8045-gross.jpg\"><img loading=\"lazy\" decoding=\"async\" class=\"alignnone wp-image-624 size-medium\" src=\"https:\/\/gretaschneider.at\/wp-content\/uploads\/2024\/08\/IMG_8045-gross-200x300.jpg\" alt=\"\" width=\"200\" height=\"300\" srcset=\"https:\/\/gretaschneider.at\/wp-content\/uploads\/2024\/08\/IMG_8045-gross-200x300.jpg 200w, https:\/\/gretaschneider.at\/wp-content\/uploads\/2024\/08\/IMG_8045-gross.jpg 267w\" sizes=\"auto, (max-width: 200px) 100vw, 200px\" \/><\/a><\/p>\n<p class=\"Stil20\">shalom, gl\u00fcck und zufriedenheit ja und seelenruhe f\u00fcr alle nur wer mit sich selbst in frieden lebt,<br \/>\nkann in der welt frieden schaffen der\u00a0<strong><span class=\"Stil34\">engel des friedens <\/span><\/strong>leitet dich <span class=\"Stil20\">durch die finsternisse deiner seele<\/span><\/p>\n<hr \/>\n<p>&nbsp;<\/p>\n","protected":false},"excerpt":{"rendered":"<p>ein\u00a0engel f\u00fcr die tapferkeit\u00a0und einer, der hilft zu\u00a0beharren engel, die st\u00fctzen, droht einer sich selbst und sein ziel zu verraten. er schenkt dir die ahnung von etwas gro\u00dfem. er streut dir die sehnsucht nach einer guten, gerechten welt tief ins herz. der engel der hoffnung er gew\u00e4hrt dir zu schweigen auch in gedanken der\u00a0engel des [&hellip;]<\/p>\n","protected":false},"author":2,"featured_media":0,"parent":232,"menu_order":2,"comment_status":"closed","ping_status":"closed","template":"","meta":{"footnotes":""},"class_list":["post-607","page","type-page","status-publish","hentry"],"_links":{"self":[{"href":"https:\/\/gretaschneider.at\/index.php\/wp-json\/wp\/v2\/pages\/607","targetHints":{"allow":["GET"]}}],"collection":[{"href":"https:\/\/gretaschneider.at\/index.php\/wp-json\/wp\/v2\/pages"}],"about":[{"href":"https:\/\/gretaschneider.at\/index.php\/wp-json\/wp\/v2\/types\/page"}],"author":[{"embeddable":true,"href":"https:\/\/gretaschneider.at\/index.php\/wp-json\/wp\/v2\/users\/2"}],"replies":[{"embeddable":true,"href":"https:\/\/gretaschneider.at\/index.php\/wp-json\/wp\/v2\/comments?post=607"}],"version-history":[{"count":13,"href":"https:\/\/gretaschneider.at\/index.php\/wp-json\/wp\/v2\/pages\/607\/revisions"}],"predecessor-version":[{"id":766,"href":"https:\/\/gretaschneider.at\/index.php\/wp-json\/wp\/v2\/pages\/607\/revisions\/766"}],"up":[{"embeddable":true,"href":"https:\/\/gretaschneider.at\/index.php\/wp-json\/wp\/v2\/pages\/232"}],"wp:attachment":[{"href":"https:\/\/gretaschneider.at\/index.php\/wp-json\/wp\/v2\/media?parent=607"}],"curies":[{"name":"wp","href":"https:\/\/api.w.org\/{rel}","templated":true}]}}