{"id":537,"date":"2024-08-05T11:49:23","date_gmt":"2024-08-05T11:49:23","guid":{"rendered":"https:\/\/gretaschneider.at\/?page_id=537"},"modified":"2024-08-12T05:14:01","modified_gmt":"2024-08-12T05:14:01","slug":"fledermaus-und-brombeerrot","status":"publish","type":"page","link":"https:\/\/gretaschneider.at\/index.php\/austellungen\/fledermaus-und-brombeerrot\/","title":{"rendered":"fledermaus und brombeerrot"},"content":{"rendered":"<p><a href=\"https:\/\/gretaschneider.at\/wp-content\/uploads\/2024\/08\/IMG_9903-scaled.jpg\"><img loading=\"lazy\" decoding=\"async\" class=\"alignnone wp-image-540 size-medium\" src=\"https:\/\/gretaschneider.at\/wp-content\/uploads\/2024\/08\/IMG_9903-300x163.jpg\" alt=\"\" width=\"300\" height=\"163\" srcset=\"https:\/\/gretaschneider.at\/wp-content\/uploads\/2024\/08\/IMG_9903-300x163.jpg 300w, https:\/\/gretaschneider.at\/wp-content\/uploads\/2024\/08\/IMG_9903-1024x555.jpg 1024w, https:\/\/gretaschneider.at\/wp-content\/uploads\/2024\/08\/IMG_9903-768x416.jpg 768w, https:\/\/gretaschneider.at\/wp-content\/uploads\/2024\/08\/IMG_9903-1536x833.jpg 1536w, https:\/\/gretaschneider.at\/wp-content\/uploads\/2024\/08\/IMG_9903-2048x1110.jpg 2048w\" sizes=\"auto, (max-width: 300px) 100vw, 300px\" \/><\/a><br \/>\n<span class=\"Stil20\"><strong>zu dir hin<br \/>\nbis ich dich finde<\/strong><\/span><\/p>\n<p><span class=\"Stil20\">mischtechnik 160\/90<br \/>\n2012<\/span><\/p>\n<hr \/>\n<p><a href=\"https:\/\/gretaschneider.at\/wp-content\/uploads\/2024\/08\/IMG_9916.jpg\"><img loading=\"lazy\" decoding=\"async\" class=\"alignnone wp-image-541 size-medium\" src=\"https:\/\/gretaschneider.at\/wp-content\/uploads\/2024\/08\/IMG_9916-300x174.jpg\" alt=\"\" width=\"300\" height=\"174\" srcset=\"https:\/\/gretaschneider.at\/wp-content\/uploads\/2024\/08\/IMG_9916-300x174.jpg 300w, https:\/\/gretaschneider.at\/wp-content\/uploads\/2024\/08\/IMG_9916-1024x593.jpg 1024w, https:\/\/gretaschneider.at\/wp-content\/uploads\/2024\/08\/IMG_9916-768x445.jpg 768w, https:\/\/gretaschneider.at\/wp-content\/uploads\/2024\/08\/IMG_9916-1536x890.jpg 1536w, https:\/\/gretaschneider.at\/wp-content\/uploads\/2024\/08\/IMG_9916-2048x1186.jpg 2048w\" sizes=\"auto, (max-width: 300px) 100vw, 300px\" \/><\/a><br \/>\n<strong>ich bin batman<br \/>\nbatman ich bin\u00a0<\/strong><\/p>\n<p>mischtechnik 160\/90 2012<\/p>\n<hr \/>\n<p><a href=\"https:\/\/gretaschneider.at\/wp-content\/uploads\/2024\/08\/IMG_9917.jpg\"><img loading=\"lazy\" decoding=\"async\" class=\"alignnone wp-image-542 size-medium\" src=\"https:\/\/gretaschneider.at\/wp-content\/uploads\/2024\/08\/IMG_9917-242x300.jpg\" alt=\"\" width=\"242\" height=\"300\" srcset=\"https:\/\/gretaschneider.at\/wp-content\/uploads\/2024\/08\/IMG_9917-242x300.jpg 242w, https:\/\/gretaschneider.at\/wp-content\/uploads\/2024\/08\/IMG_9917-826x1024.jpg 826w, https:\/\/gretaschneider.at\/wp-content\/uploads\/2024\/08\/IMG_9917-768x952.jpg 768w, https:\/\/gretaschneider.at\/wp-content\/uploads\/2024\/08\/IMG_9917-1239x1536.jpg 1239w, https:\/\/gretaschneider.at\/wp-content\/uploads\/2024\/08\/IMG_9917-1652x2048.jpg 1652w, https:\/\/gretaschneider.at\/wp-content\/uploads\/2024\/08\/IMG_9917.jpg 1693w\" sizes=\"auto, (max-width: 242px) 100vw, 242px\" \/><\/a><br \/>\n<span class=\"Stil20\"><strong>ich bin nicht stiller<\/strong><\/span><\/p>\n<p><span class=\"Stil20\">mischtechnik 60\/90<br \/>\n2012<\/span><\/p>\n<hr \/>\n<p><a href=\"https:\/\/gretaschneider.at\/wp-content\/uploads\/2024\/08\/IMG_9915.jpg\"><img loading=\"lazy\" decoding=\"async\" class=\"alignnone wp-image-543 size-medium\" src=\"https:\/\/gretaschneider.at\/wp-content\/uploads\/2024\/08\/IMG_9915-236x300.jpg\" alt=\"\" width=\"236\" height=\"300\" srcset=\"https:\/\/gretaschneider.at\/wp-content\/uploads\/2024\/08\/IMG_9915-236x300.jpg 236w, https:\/\/gretaschneider.at\/wp-content\/uploads\/2024\/08\/IMG_9915-804x1024.jpg 804w, https:\/\/gretaschneider.at\/wp-content\/uploads\/2024\/08\/IMG_9915-768x978.jpg 768w, https:\/\/gretaschneider.at\/wp-content\/uploads\/2024\/08\/IMG_9915-1207x1536.jpg 1207w, https:\/\/gretaschneider.at\/wp-content\/uploads\/2024\/08\/IMG_9915-1609x2048.jpg 1609w, https:\/\/gretaschneider.at\/wp-content\/uploads\/2024\/08\/IMG_9915.jpg 1616w\" sizes=\"auto, (max-width: 236px) 100vw, 236px\" \/><\/a><br \/>\n<strong><span class=\"Stil23\">vielleicht viel<br \/>\nleicht vielleicht\u00a0<\/span><\/strong><\/p>\n<p><span class=\"Stil20\">mischtechnik 60\/90<br \/>\n2012<\/span><\/p>\n<hr \/>\n<p><a href=\"https:\/\/gretaschneider.at\/wp-content\/uploads\/2024\/08\/IMG_0716-2-scaled.jpg\"><img loading=\"lazy\" decoding=\"async\" class=\"alignnone wp-image-544 size-medium\" src=\"https:\/\/gretaschneider.at\/wp-content\/uploads\/2024\/08\/IMG_0716-2-200x300.jpg\" alt=\"\" width=\"200\" height=\"300\" srcset=\"https:\/\/gretaschneider.at\/wp-content\/uploads\/2024\/08\/IMG_0716-2-200x300.jpg 200w, https:\/\/gretaschneider.at\/wp-content\/uploads\/2024\/08\/IMG_0716-2-684x1024.jpg 684w, https:\/\/gretaschneider.at\/wp-content\/uploads\/2024\/08\/IMG_0716-2-768x1150.jpg 768w, https:\/\/gretaschneider.at\/wp-content\/uploads\/2024\/08\/IMG_0716-2-1025x1536.jpg 1025w, https:\/\/gretaschneider.at\/wp-content\/uploads\/2024\/08\/IMG_0716-2-1367x2048.jpg 1367w, https:\/\/gretaschneider.at\/wp-content\/uploads\/2024\/08\/IMG_0716-2-scaled.jpg 1709w\" sizes=\"auto, (max-width: 200px) 100vw, 200px\" \/><\/a><\/p>\n<div align=\"left\">\n<p><span class=\"Stil20\"><strong>asta blum kennt die gesetze der natur.asta blum<br \/>\nkennt die gestzte der natur besser.<br \/>\nasta blum kennt die gesetzte der natur besser als andere.<\/strong><\/span><\/p>\n<p><span class=\"Stil20\">bleistift 30\/40<br \/>\n2012<\/span><\/p>\n<\/div>\n<hr \/>\n<p><a href=\"https:\/\/gretaschneider.at\/wp-content\/uploads\/2024\/08\/IMG_0718-2-scaled.jpg\"><img loading=\"lazy\" decoding=\"async\" class=\"alignnone wp-image-545 size-medium\" src=\"https:\/\/gretaschneider.at\/wp-content\/uploads\/2024\/08\/IMG_0718-2-200x300.jpg\" alt=\"\" width=\"200\" height=\"300\" srcset=\"https:\/\/gretaschneider.at\/wp-content\/uploads\/2024\/08\/IMG_0718-2-200x300.jpg 200w, https:\/\/gretaschneider.at\/wp-content\/uploads\/2024\/08\/IMG_0718-2-684x1024.jpg 684w, https:\/\/gretaschneider.at\/wp-content\/uploads\/2024\/08\/IMG_0718-2-768x1150.jpg 768w, https:\/\/gretaschneider.at\/wp-content\/uploads\/2024\/08\/IMG_0718-2-1025x1536.jpg 1025w, https:\/\/gretaschneider.at\/wp-content\/uploads\/2024\/08\/IMG_0718-2-1367x2048.jpg 1367w, https:\/\/gretaschneider.at\/wp-content\/uploads\/2024\/08\/IMG_0718-2-scaled.jpg 1709w\" sizes=\"auto, (max-width: 200px) 100vw, 200px\" \/><\/a><br \/>\n<strong>bertl bartl ist begeisterer fleischesser..<br \/>\ner hat sich als mensch nicht an die spitze der nahrungskette gek\u00e4mpft, um salat zu essen\u00a0<\/strong><\/p>\n<p>bleistift 30\/40<br \/>\n2012<\/p>\n<hr \/>\n<p><a href=\"https:\/\/gretaschneider.at\/wp-content\/uploads\/2024\/08\/IMG_0720-2-scaled.jpg\"><img loading=\"lazy\" decoding=\"async\" class=\"alignnone wp-image-546 size-medium\" src=\"https:\/\/gretaschneider.at\/wp-content\/uploads\/2024\/08\/IMG_0720-2-200x300.jpg\" alt=\"\" width=\"200\" height=\"300\" srcset=\"https:\/\/gretaschneider.at\/wp-content\/uploads\/2024\/08\/IMG_0720-2-200x300.jpg 200w, https:\/\/gretaschneider.at\/wp-content\/uploads\/2024\/08\/IMG_0720-2-684x1024.jpg 684w, https:\/\/gretaschneider.at\/wp-content\/uploads\/2024\/08\/IMG_0720-2-768x1150.jpg 768w, https:\/\/gretaschneider.at\/wp-content\/uploads\/2024\/08\/IMG_0720-2-1025x1536.jpg 1025w, https:\/\/gretaschneider.at\/wp-content\/uploads\/2024\/08\/IMG_0720-2-1367x2048.jpg 1367w, https:\/\/gretaschneider.at\/wp-content\/uploads\/2024\/08\/IMG_0720-2-scaled.jpg 1709w\" sizes=\"auto, (max-width: 200px) 100vw, 200px\" \/><\/a><br \/>\n<strong>paloma f. hat sehnsucht nach licht. eine sonne ins herz sperren und vergl\u00fchen.<\/strong><\/p>\n<p>bleistift 30\/40<br \/>\n2013<\/p>\n<hr \/>\n<p><a href=\"https:\/\/gretaschneider.at\/wp-content\/uploads\/2024\/08\/IMG_0722-2-scaled.jpg\"><img loading=\"lazy\" decoding=\"async\" class=\"alignnone wp-image-547 size-medium\" src=\"https:\/\/gretaschneider.at\/wp-content\/uploads\/2024\/08\/IMG_0722-2-200x300.jpg\" alt=\"\" width=\"200\" height=\"300\" srcset=\"https:\/\/gretaschneider.at\/wp-content\/uploads\/2024\/08\/IMG_0722-2-200x300.jpg 200w, https:\/\/gretaschneider.at\/wp-content\/uploads\/2024\/08\/IMG_0722-2-684x1024.jpg 684w, https:\/\/gretaschneider.at\/wp-content\/uploads\/2024\/08\/IMG_0722-2-768x1150.jpg 768w, https:\/\/gretaschneider.at\/wp-content\/uploads\/2024\/08\/IMG_0722-2-1025x1536.jpg 1025w, https:\/\/gretaschneider.at\/wp-content\/uploads\/2024\/08\/IMG_0722-2-1367x2048.jpg 1367w, https:\/\/gretaschneider.at\/wp-content\/uploads\/2024\/08\/IMG_0722-2-scaled.jpg 1709w\" sizes=\"auto, (max-width: 200px) 100vw, 200px\" \/><\/a><br \/>\n<strong>andrea w. hat schon ihre puppen geliebt. und zerst\u00f6rt<\/strong><\/p>\n<p>bleistift 30\/40<br \/>\n2012<\/p>\n<hr \/>\n<p><a href=\"https:\/\/gretaschneider.at\/wp-content\/uploads\/2024\/08\/IMG_0724-2-scaled.jpg\"><img loading=\"lazy\" decoding=\"async\" class=\"alignnone wp-image-551 size-medium\" src=\"https:\/\/gretaschneider.at\/wp-content\/uploads\/2024\/08\/IMG_0724-2-200x300.jpg\" alt=\"\" width=\"200\" height=\"300\" srcset=\"https:\/\/gretaschneider.at\/wp-content\/uploads\/2024\/08\/IMG_0724-2-200x300.jpg 200w, https:\/\/gretaschneider.at\/wp-content\/uploads\/2024\/08\/IMG_0724-2-684x1024.jpg 684w, https:\/\/gretaschneider.at\/wp-content\/uploads\/2024\/08\/IMG_0724-2-768x1150.jpg 768w, https:\/\/gretaschneider.at\/wp-content\/uploads\/2024\/08\/IMG_0724-2-1025x1536.jpg 1025w, https:\/\/gretaschneider.at\/wp-content\/uploads\/2024\/08\/IMG_0724-2-1367x2048.jpg 1367w, https:\/\/gretaschneider.at\/wp-content\/uploads\/2024\/08\/IMG_0724-2-scaled.jpg 1709w\" sizes=\"auto, (max-width: 200px) 100vw, 200px\" \/><\/a><br \/>\n<strong>olfriede e. kennt den weg<br \/>\nnoch immer nicht.<br \/>\ndas ziel schon. vielleicht.<\/strong><\/p>\n<p>bleistift 30\/40<br \/>\n2012<\/p>\n<hr \/>\n<p><a href=\"https:\/\/gretaschneider.at\/wp-content\/uploads\/2024\/08\/IMG_0726-2-scaled.jpg\"><img loading=\"lazy\" decoding=\"async\" class=\"alignnone wp-image-552 size-medium\" src=\"https:\/\/gretaschneider.at\/wp-content\/uploads\/2024\/08\/IMG_0726-2-200x300.jpg\" alt=\"\" width=\"200\" height=\"300\" srcset=\"https:\/\/gretaschneider.at\/wp-content\/uploads\/2024\/08\/IMG_0726-2-200x300.jpg 200w, https:\/\/gretaschneider.at\/wp-content\/uploads\/2024\/08\/IMG_0726-2-684x1024.jpg 684w, https:\/\/gretaschneider.at\/wp-content\/uploads\/2024\/08\/IMG_0726-2-768x1150.jpg 768w, https:\/\/gretaschneider.at\/wp-content\/uploads\/2024\/08\/IMG_0726-2-1025x1536.jpg 1025w, https:\/\/gretaschneider.at\/wp-content\/uploads\/2024\/08\/IMG_0726-2-1367x2048.jpg 1367w, https:\/\/gretaschneider.at\/wp-content\/uploads\/2024\/08\/IMG_0726-2-scaled.jpg 1709w\" sizes=\"auto, (max-width: 200px) 100vw, 200px\" \/><\/a><br \/>\n<strong>ulrich p. ist ein maskenmann. seinen kukluxklanmantel hat ein mexikanischer k\u00fcnstler gestaltet.<\/strong><\/p>\n<p>bleistift 30\/40<br \/>\n2012<\/p>\n<hr \/>\n<p><a href=\"https:\/\/gretaschneider.at\/wp-content\/uploads\/2024\/08\/IMG_0728-2-scaled.jpg\"><img loading=\"lazy\" decoding=\"async\" class=\"alignnone wp-image-553 size-medium\" src=\"https:\/\/gretaschneider.at\/wp-content\/uploads\/2024\/08\/IMG_0728-2-200x300.jpg\" alt=\"\" width=\"200\" height=\"300\" srcset=\"https:\/\/gretaschneider.at\/wp-content\/uploads\/2024\/08\/IMG_0728-2-200x300.jpg 200w, https:\/\/gretaschneider.at\/wp-content\/uploads\/2024\/08\/IMG_0728-2-684x1024.jpg 684w, https:\/\/gretaschneider.at\/wp-content\/uploads\/2024\/08\/IMG_0728-2-768x1150.jpg 768w, https:\/\/gretaschneider.at\/wp-content\/uploads\/2024\/08\/IMG_0728-2-1025x1536.jpg 1025w, https:\/\/gretaschneider.at\/wp-content\/uploads\/2024\/08\/IMG_0728-2-1367x2048.jpg 1367w, https:\/\/gretaschneider.at\/wp-content\/uploads\/2024\/08\/IMG_0728-2-scaled.jpg 1709w\" sizes=\"auto, (max-width: 200px) 100vw, 200px\" \/><\/a><br \/>\n<span class=\"Stil20\"><strong>niki r.will noch einmal besch\u00fctzt und beschirmt sein wie einst als kind.<\/strong><\/span><\/p>\n<p><span class=\"Stil20\">bleistift 30\/40<br \/>\n2012<\/span><\/p>\n<hr \/>\n<p><a href=\"https:\/\/gretaschneider.at\/wp-content\/uploads\/2024\/08\/IMG_0736-2-scaled.jpg\"><img loading=\"lazy\" decoding=\"async\" class=\"alignnone wp-image-554 size-medium\" src=\"https:\/\/gretaschneider.at\/wp-content\/uploads\/2024\/08\/IMG_0736-2-200x300.jpg\" alt=\"\" width=\"200\" height=\"300\" srcset=\"https:\/\/gretaschneider.at\/wp-content\/uploads\/2024\/08\/IMG_0736-2-200x300.jpg 200w, https:\/\/gretaschneider.at\/wp-content\/uploads\/2024\/08\/IMG_0736-2-684x1024.jpg 684w, https:\/\/gretaschneider.at\/wp-content\/uploads\/2024\/08\/IMG_0736-2-768x1150.jpg 768w, https:\/\/gretaschneider.at\/wp-content\/uploads\/2024\/08\/IMG_0736-2-1025x1536.jpg 1025w, https:\/\/gretaschneider.at\/wp-content\/uploads\/2024\/08\/IMG_0736-2-1367x2048.jpg 1367w, https:\/\/gretaschneider.at\/wp-content\/uploads\/2024\/08\/IMG_0736-2-scaled.jpg 1709w\" sizes=\"auto, (max-width: 200px) 100vw, 200px\" \/><\/a><br \/>\n<strong>morton notrom kennt sich aus auf der welt. hat alles schon gesehen. trotzdem: weiter, weiter.<\/strong><\/p>\n<p>bleistift 30\/40<br \/>\n2012<\/p>\n<hr \/>\n<p><a href=\"https:\/\/gretaschneider.at\/wp-content\/uploads\/2024\/08\/IMG_0740-2-scaled.jpg\"><img loading=\"lazy\" decoding=\"async\" class=\"alignnone wp-image-555 size-medium\" src=\"https:\/\/gretaschneider.at\/wp-content\/uploads\/2024\/08\/IMG_0740-2-200x300.jpg\" alt=\"\" width=\"200\" height=\"300\" srcset=\"https:\/\/gretaschneider.at\/wp-content\/uploads\/2024\/08\/IMG_0740-2-200x300.jpg 200w, https:\/\/gretaschneider.at\/wp-content\/uploads\/2024\/08\/IMG_0740-2-684x1024.jpg 684w, https:\/\/gretaschneider.at\/wp-content\/uploads\/2024\/08\/IMG_0740-2-768x1150.jpg 768w, https:\/\/gretaschneider.at\/wp-content\/uploads\/2024\/08\/IMG_0740-2-1025x1536.jpg 1025w, https:\/\/gretaschneider.at\/wp-content\/uploads\/2024\/08\/IMG_0740-2-1367x2048.jpg 1367w, https:\/\/gretaschneider.at\/wp-content\/uploads\/2024\/08\/IMG_0740-2-scaled.jpg 1709w\" sizes=\"auto, (max-width: 200px) 100vw, 200px\" \/><\/a><br \/>\n<strong>didi reich reicht es nie. make money and never loose it. wer geld s\u00e4t, muss geld ernten. money to money.<\/strong><\/p>\n<p>bleistift 30\/40<br \/>\n2012<\/p>\n<hr \/>\n<p><a href=\"https:\/\/gretaschneider.at\/wp-content\/uploads\/2024\/08\/IMG_0738-2-scaled.jpg\"><img loading=\"lazy\" decoding=\"async\" class=\"alignnone wp-image-556 size-medium\" src=\"https:\/\/gretaschneider.at\/wp-content\/uploads\/2024\/08\/IMG_0738-2-200x300.jpg\" alt=\"\" width=\"200\" height=\"300\" srcset=\"https:\/\/gretaschneider.at\/wp-content\/uploads\/2024\/08\/IMG_0738-2-200x300.jpg 200w, https:\/\/gretaschneider.at\/wp-content\/uploads\/2024\/08\/IMG_0738-2-684x1024.jpg 684w, https:\/\/gretaschneider.at\/wp-content\/uploads\/2024\/08\/IMG_0738-2-768x1150.jpg 768w, https:\/\/gretaschneider.at\/wp-content\/uploads\/2024\/08\/IMG_0738-2-1025x1536.jpg 1025w, https:\/\/gretaschneider.at\/wp-content\/uploads\/2024\/08\/IMG_0738-2-1367x2048.jpg 1367w, https:\/\/gretaschneider.at\/wp-content\/uploads\/2024\/08\/IMG_0738-2-scaled.jpg 1709w\" sizes=\"auto, (max-width: 200px) 100vw, 200px\" \/><\/a><br \/>\n<strong>maximiliane qu. glaubt unbeirrt daran, dass ihre kunstbr\u00f6tchen die welt ver\u00e4ndern werden. geht denn die liebe nicht durch den magen?<\/strong><\/p>\n<p>bleistift 30\/40<br \/>\n2012<\/p>\n<hr \/>\n<p><a href=\"https:\/\/gretaschneider.at\/wp-content\/uploads\/2024\/08\/IMG_0742-2-scaled.jpg\"><img loading=\"lazy\" decoding=\"async\" class=\"alignnone wp-image-557 size-medium\" src=\"https:\/\/gretaschneider.at\/wp-content\/uploads\/2024\/08\/IMG_0742-2-200x300.jpg\" alt=\"\" width=\"200\" height=\"300\" srcset=\"https:\/\/gretaschneider.at\/wp-content\/uploads\/2024\/08\/IMG_0742-2-200x300.jpg 200w, https:\/\/gretaschneider.at\/wp-content\/uploads\/2024\/08\/IMG_0742-2-684x1024.jpg 684w, https:\/\/gretaschneider.at\/wp-content\/uploads\/2024\/08\/IMG_0742-2-768x1150.jpg 768w, https:\/\/gretaschneider.at\/wp-content\/uploads\/2024\/08\/IMG_0742-2-1025x1536.jpg 1025w, https:\/\/gretaschneider.at\/wp-content\/uploads\/2024\/08\/IMG_0742-2-1367x2048.jpg 1367w, https:\/\/gretaschneider.at\/wp-content\/uploads\/2024\/08\/IMG_0742-2-scaled.jpg 1709w\" sizes=\"auto, (max-width: 200px) 100vw, 200px\" \/><\/a><br \/>\n<strong>olga pain wechselt ihre schuhe mehrmals t\u00e4glich um m\u00f6glichtst viele verschiedene schuhe an einem tag tragen zu k\u00f6nnen.<\/strong><\/p>\n<p>bleistift 30\/40<br \/>\n2012<\/p>\n<hr \/>\n<p><a href=\"https:\/\/gretaschneider.at\/wp-content\/uploads\/2024\/08\/IMG_0744-2-scaled.jpg\"><img loading=\"lazy\" decoding=\"async\" class=\"alignnone wp-image-558 size-medium\" src=\"https:\/\/gretaschneider.at\/wp-content\/uploads\/2024\/08\/IMG_0744-2-200x300.jpg\" alt=\"\" width=\"200\" height=\"300\" srcset=\"https:\/\/gretaschneider.at\/wp-content\/uploads\/2024\/08\/IMG_0744-2-200x300.jpg 200w, https:\/\/gretaschneider.at\/wp-content\/uploads\/2024\/08\/IMG_0744-2-684x1024.jpg 684w, https:\/\/gretaschneider.at\/wp-content\/uploads\/2024\/08\/IMG_0744-2-768x1150.jpg 768w, https:\/\/gretaschneider.at\/wp-content\/uploads\/2024\/08\/IMG_0744-2-1025x1536.jpg 1025w, https:\/\/gretaschneider.at\/wp-content\/uploads\/2024\/08\/IMG_0744-2-1367x2048.jpg 1367w, https:\/\/gretaschneider.at\/wp-content\/uploads\/2024\/08\/IMG_0744-2-scaled.jpg 1709w\" sizes=\"auto, (max-width: 200px) 100vw, 200px\" \/><\/a><br \/>\n<strong>sandro sabine sorger will gestalten. nichts dem zufall \u00fcberlassen. erst nachdenken, dann vordenken.<\/strong><\/p>\n<p>bleistift 30\/40<br \/>\n2012<\/p>\n<hr \/>\n<p>&nbsp;<\/p>\n","protected":false},"excerpt":{"rendered":"<p>zu dir hin bis ich dich finde mischtechnik 160\/90 2012 ich bin batman batman ich bin\u00a0 mischtechnik 160\/90 2012 ich bin nicht stiller mischtechnik 60\/90 2012 vielleicht viel leicht vielleicht\u00a0 mischtechnik 60\/90 2012 asta blum kennt die gesetze der natur.asta blum kennt die gestzte der natur besser. asta blum kennt die gesetzte der natur besser [&hellip;]<\/p>\n","protected":false},"author":2,"featured_media":0,"parent":232,"menu_order":0,"comment_status":"closed","ping_status":"closed","template":"","meta":{"footnotes":""},"class_list":["post-537","page","type-page","status-publish","hentry"],"_links":{"self":[{"href":"https:\/\/gretaschneider.at\/index.php\/wp-json\/wp\/v2\/pages\/537","targetHints":{"allow":["GET"]}}],"collection":[{"href":"https:\/\/gretaschneider.at\/index.php\/wp-json\/wp\/v2\/pages"}],"about":[{"href":"https:\/\/gretaschneider.at\/index.php\/wp-json\/wp\/v2\/types\/page"}],"author":[{"embeddable":true,"href":"https:\/\/gretaschneider.at\/index.php\/wp-json\/wp\/v2\/users\/2"}],"replies":[{"embeddable":true,"href":"https:\/\/gretaschneider.at\/index.php\/wp-json\/wp\/v2\/comments?post=537"}],"version-history":[{"count":24,"href":"https:\/\/gretaschneider.at\/index.php\/wp-json\/wp\/v2\/pages\/537\/revisions"}],"predecessor-version":[{"id":764,"href":"https:\/\/gretaschneider.at\/index.php\/wp-json\/wp\/v2\/pages\/537\/revisions\/764"}],"up":[{"embeddable":true,"href":"https:\/\/gretaschneider.at\/index.php\/wp-json\/wp\/v2\/pages\/232"}],"wp:attachment":[{"href":"https:\/\/gretaschneider.at\/index.php\/wp-json\/wp\/v2\/media?parent=537"}],"curies":[{"name":"wp","href":"https:\/\/api.w.org\/{rel}","templated":true}]}}