{"id":193,"date":"2023-06-19T12:32:59","date_gmt":"2023-06-19T12:32:59","guid":{"rendered":"https:\/\/confident-davinci.212-227-174-136.plesk.page\/?page_id=193"},"modified":"2023-06-19T12:32:59","modified_gmt":"2023-06-19T12:32:59","slug":"1000-zeichen-die-zimmer-leeren-sich-eines-nach-dem-anderen","status":"publish","type":"page","link":"https:\/\/gretaschneider.at\/index.php\/arbeiten\/geschriebenes-2\/1000-zeichen-die-zimmer-leeren-sich-eines-nach-dem-anderen\/","title":{"rendered":"1000 zeichen die zimmer leeren sich eines nach dem anderen"},"content":{"rendered":"<table border=\"0\" width=\"500\" cellspacing=\"0\" cellpadding=\"0\">\n<tbody>\n<tr>\n<th scope=\"col\" width=\"26\"><\/th>\n<th scope=\"col\" width=\"449\"><\/th>\n<th scope=\"col\" width=\"25\"><\/th>\n<\/tr>\n<tr>\n<td><img loading=\"lazy\" decoding=\"async\" src=\"https:\/\/gretaschneider.at\/images\/gif-dunkelste.gif\" width=\"25\" height=\"1\" \/><img loading=\"lazy\" decoding=\"async\" src=\"https:\/\/gretaschneider.at\/images\/gif-dunkelste.gif\" width=\"1\" height=\"1\" \/><\/td>\n<td>\n<div align=\"center\"><\/div>\n<\/td>\n<td><img loading=\"lazy\" decoding=\"async\" src=\"https:\/\/gretaschneider.at\/images\/gif-dunkelste.gif\" alt=\"\" width=\"100\" height=\"1\" \/><\/td>\n<\/tr>\n<tr>\n<td><img loading=\"lazy\" decoding=\"async\" src=\"https:\/\/gretaschneider.at\/images\/gif-dunkelste.gif\" width=\"1\" height=\"15\" \/><\/td>\n<td>\n<div align=\"center\">\n<p class=\"Stil20\" align=\"left\">1000 zeichen texte<\/p>\n<p class=\"Stil20\" align=\"left\">2009<\/p>\n<p class=\"Stil20\" align=\"left\">die zimmer leeren sich eines nach dem anderen. ein mamakind, ein papakind und ein kindkind sind schon nach hause gefahren,\u00a0 ein mamakind, ein papakind und ein bauchkindkind reisen morgen ab. dann wird es wieder still sein im haus. es ist sch\u00f6n, wenn alle mamakinder, papakinder und kindkinder versammelt sind bei mama und papa. es ist sch\u00f6n, wenn alle mamakinder, papakinder und kindkinder wieder platz machen f\u00fcr mama und papa. die haben dann noch ein paar tage zeit f\u00fcr sich. Papa kann in der fr\u00fch ein st\u00fcndchen l\u00e4nger schlafen und mama l\u00e4sst sich von papa zum essen ins restaurant einladen. da sitzen mama und papa dann und schauen sich in die augen und sind wieder jung. so jung wie die mama und papakinder, die schon nach hause gefahren sind. mama kommt der zur\u00fcckgelassenen w\u00e4scheberg nicht mehr so hoch vor, papa sitzt am offenen feuer und liest in seinem tausendseitenroman ohne dabei einzuschlafen. mama und papa erz\u00e4hlen einander wie sch\u00f6n es mit den mamakindern und den papakindern war. mama seufzt beim b\u00fcgeln,\u00a0 hat schon wieder sehnsucht nach dem kindkind\u00a0 und seiner lieben stimme. haben die papakinder nicht erst vor kurzem noch<br \/>\nmit solchen stimmen geredet? &#8222;kinderkinder, die zeit vergeht, &#8220;\u00a0 sagt papa und legt einen scheit in die glut.<\/p>\n<p class=\"Stil20\" align=\"left\">\n<p class=\"Stil20\" align=\"left\">\n<p>&nbsp;<\/p>\n<\/div>\n<\/td>\n<td><\/td>\n<\/tr>\n<tr>\n<td><img loading=\"lazy\" decoding=\"async\" src=\"https:\/\/gretaschneider.at\/images\/gif-dunkelste.gif\" width=\"1\" height=\"25\" \/><\/td>\n<td>\n<div align=\"center\"><\/div>\n<\/td>\n<td><\/td>\n<\/tr>\n<tr>\n<td><\/td>\n<td>\n<div align=\"right\"><\/div>\n<\/td>\n<td><\/td>\n<\/tr>\n<tr>\n<td><\/td>\n<td><\/td>\n<td><\/td>\n<\/tr>\n<tr>\n<td><\/td>\n<td>\n<div class=\"Stil1\" align=\"center\">\n<div align=\"left\"><\/div>\n<\/div>\n<\/td>\n<td><\/td>\n<\/tr>\n<\/tbody>\n<\/table>\n","protected":false},"excerpt":{"rendered":"<p>1000 zeichen texte 2009 die zimmer leeren sich eines nach dem anderen. ein mamakind, ein papakind und ein kindkind sind schon nach hause gefahren,\u00a0 ein mamakind, ein papakind und ein bauchkindkind reisen morgen ab. dann wird es wieder still sein im haus. es ist sch\u00f6n, wenn alle mamakinder, papakinder und kindkinder versammelt sind bei mama [&hellip;]<\/p>\n","protected":false},"author":1,"featured_media":0,"parent":175,"menu_order":8,"comment_status":"closed","ping_status":"closed","template":"","meta":{"footnotes":""},"class_list":["post-193","page","type-page","status-publish","hentry"],"_links":{"self":[{"href":"https:\/\/gretaschneider.at\/index.php\/wp-json\/wp\/v2\/pages\/193","targetHints":{"allow":["GET"]}}],"collection":[{"href":"https:\/\/gretaschneider.at\/index.php\/wp-json\/wp\/v2\/pages"}],"about":[{"href":"https:\/\/gretaschneider.at\/index.php\/wp-json\/wp\/v2\/types\/page"}],"author":[{"embeddable":true,"href":"https:\/\/gretaschneider.at\/index.php\/wp-json\/wp\/v2\/users\/1"}],"replies":[{"embeddable":true,"href":"https:\/\/gretaschneider.at\/index.php\/wp-json\/wp\/v2\/comments?post=193"}],"version-history":[{"count":1,"href":"https:\/\/gretaschneider.at\/index.php\/wp-json\/wp\/v2\/pages\/193\/revisions"}],"predecessor-version":[{"id":194,"href":"https:\/\/gretaschneider.at\/index.php\/wp-json\/wp\/v2\/pages\/193\/revisions\/194"}],"up":[{"embeddable":true,"href":"https:\/\/gretaschneider.at\/index.php\/wp-json\/wp\/v2\/pages\/175"}],"wp:attachment":[{"href":"https:\/\/gretaschneider.at\/index.php\/wp-json\/wp\/v2\/media?parent=193"}],"curies":[{"name":"wp","href":"https:\/\/api.w.org\/{rel}","templated":true}]}}