{"id":189,"date":"2023-06-19T12:31:49","date_gmt":"2023-06-19T12:31:49","guid":{"rendered":"https:\/\/confident-davinci.212-227-174-136.plesk.page\/?page_id=189"},"modified":"2023-06-19T12:31:49","modified_gmt":"2023-06-19T12:31:49","slug":"1000-zeichen-der-kleine-baer-hat-ein-kaputtes-ohr","status":"publish","type":"page","link":"https:\/\/gretaschneider.at\/index.php\/arbeiten\/geschriebenes-2\/1000-zeichen-der-kleine-baer-hat-ein-kaputtes-ohr\/","title":{"rendered":"1000 zeichen der kleine b\u00e4r hat ein kaputtes ohr"},"content":{"rendered":"<table border=\"0\" width=\"500\" cellspacing=\"0\" cellpadding=\"0\">\n<tbody>\n<tr>\n<th scope=\"col\" width=\"26\"><\/th>\n<th scope=\"col\" width=\"449\"><\/th>\n<th scope=\"col\" width=\"25\"><\/th>\n<\/tr>\n<tr>\n<td><img loading=\"lazy\" decoding=\"async\" src=\"https:\/\/gretaschneider.at\/images\/gif-dunkelste.gif\" width=\"25\" height=\"1\" \/><img loading=\"lazy\" decoding=\"async\" src=\"https:\/\/gretaschneider.at\/images\/gif-dunkelste.gif\" width=\"1\" height=\"1\" \/><\/td>\n<td>\n<div align=\"center\"><\/div>\n<\/td>\n<td><img loading=\"lazy\" decoding=\"async\" src=\"https:\/\/gretaschneider.at\/images\/gif-dunkelste.gif\" alt=\"\" width=\"100\" height=\"1\" \/><\/td>\n<\/tr>\n<tr>\n<td><img loading=\"lazy\" decoding=\"async\" src=\"https:\/\/gretaschneider.at\/images\/gif-dunkelste.gif\" width=\"1\" height=\"15\" \/><\/td>\n<td>\n<div align=\"center\">\n<p class=\"Stil20\" align=\"left\">1000 zeichen texte<\/p>\n<p class=\"Stil20\" align=\"left\">2008<\/p>\n<p class=\"Stil20\" align=\"left\">der kleine b\u00e4r hat ein kaputtes ohr. vom vielen zuh\u00f6ren ist ihm erst der pelz ausgegangen. dann ist auch der stoff zerrissen. superman braucht den kleinen b\u00e4ren zum reden. dem kleinen b\u00e4ren kann superman alles anvertrauen. doch w\u00e4hrend superman erz\u00e4hlt, wird er manchmal so w\u00fctend, dass er den kleinen b\u00e4ren ins ohr beisst. Und wenn er dann das kleinb\u00e4renohr zwischen den z\u00e4hnen und auf der zunge sp\u00fcrt, dann beginnt superman am ohr zu saugen. so ist dem ohr erst der pelz ausgegangen und schlie\u00dflich war auch der stoff\u00a0 verschluckt. superman hat das ohr des kleinen b\u00e4ren nicht fressen wollen, ganz sicher nicht! superman liebt den kleinen b\u00e4ren! und doch:<br \/>\njetzt hat der kleine b\u00e4r nur noch ein ohr.\u00a0 der kleine b\u00e4r ist superman nicht b\u00f6se.<br \/>\nes weiss, dass superman nicht anders kann. er hat immer gesp\u00fcrt, wie superman sich entspannt hat, wenn er an seinem ohr gebissen und genuckelt hat. doch superman macht sich sorgen und denkt nach, wie er dem kleinen b\u00e4ren ein neues ohr\u00a0 schenken k\u00f6nnte.<br \/>\ndas alte ohr einfach wieder ausspucken? das geht nicht. also was tun? superman nimmt rote wolle und eine h\u00e4kelnadel und sticht in das kleineb\u00e4renfell, da\u00a0 wo das ohrloch klafft. dann schlingt er ganz\u00a0 allein masche um masche bis der kleine b\u00e4r ein wunderbar\u00a0 neues rotes ohr hat.<\/p>\n<p class=\"Stil20\" align=\"left\">\n<p class=\"Stil20\" align=\"left\">\n<p>&nbsp;<\/p>\n<\/div>\n<\/td>\n<td><\/td>\n<\/tr>\n<tr>\n<td><img loading=\"lazy\" decoding=\"async\" src=\"https:\/\/gretaschneider.at\/images\/gif-dunkelste.gif\" width=\"1\" height=\"25\" \/><\/td>\n<td>\n<div align=\"center\"><\/div>\n<\/td>\n<td><\/td>\n<\/tr>\n<tr>\n<td><\/td>\n<td>\n<div align=\"right\"><\/div>\n<\/td>\n<td><\/td>\n<\/tr>\n<tr>\n<td><\/td>\n<td><\/td>\n<td><\/td>\n<\/tr>\n<tr>\n<td><\/td>\n<td>\n<div class=\"Stil1\" align=\"center\">\n<div align=\"left\"><\/div>\n<\/div>\n<\/td>\n<td><\/td>\n<\/tr>\n<\/tbody>\n<\/table>\n","protected":false},"excerpt":{"rendered":"<p>1000 zeichen texte 2008 der kleine b\u00e4r hat ein kaputtes ohr. vom vielen zuh\u00f6ren ist ihm erst der pelz ausgegangen. dann ist auch der stoff zerrissen. superman braucht den kleinen b\u00e4ren zum reden. dem kleinen b\u00e4ren kann superman alles anvertrauen. doch w\u00e4hrend superman erz\u00e4hlt, wird er manchmal so w\u00fctend, dass er den kleinen b\u00e4ren ins [&hellip;]<\/p>\n","protected":false},"author":1,"featured_media":0,"parent":175,"menu_order":6,"comment_status":"closed","ping_status":"closed","template":"","meta":{"footnotes":""},"class_list":["post-189","page","type-page","status-publish","hentry"],"_links":{"self":[{"href":"https:\/\/gretaschneider.at\/index.php\/wp-json\/wp\/v2\/pages\/189","targetHints":{"allow":["GET"]}}],"collection":[{"href":"https:\/\/gretaschneider.at\/index.php\/wp-json\/wp\/v2\/pages"}],"about":[{"href":"https:\/\/gretaschneider.at\/index.php\/wp-json\/wp\/v2\/types\/page"}],"author":[{"embeddable":true,"href":"https:\/\/gretaschneider.at\/index.php\/wp-json\/wp\/v2\/users\/1"}],"replies":[{"embeddable":true,"href":"https:\/\/gretaschneider.at\/index.php\/wp-json\/wp\/v2\/comments?post=189"}],"version-history":[{"count":1,"href":"https:\/\/gretaschneider.at\/index.php\/wp-json\/wp\/v2\/pages\/189\/revisions"}],"predecessor-version":[{"id":190,"href":"https:\/\/gretaschneider.at\/index.php\/wp-json\/wp\/v2\/pages\/189\/revisions\/190"}],"up":[{"embeddable":true,"href":"https:\/\/gretaschneider.at\/index.php\/wp-json\/wp\/v2\/pages\/175"}],"wp:attachment":[{"href":"https:\/\/gretaschneider.at\/index.php\/wp-json\/wp\/v2\/media?parent=189"}],"curies":[{"name":"wp","href":"https:\/\/api.w.org\/{rel}","templated":true}]}}