{"id":187,"date":"2023-06-19T12:31:15","date_gmt":"2023-06-19T12:31:15","guid":{"rendered":"https:\/\/confident-davinci.212-227-174-136.plesk.page\/?page_id=187"},"modified":"2023-06-19T12:31:15","modified_gmt":"2023-06-19T12:31:15","slug":"1000-zeichen-jahresprojekt","status":"publish","type":"page","link":"https:\/\/gretaschneider.at\/index.php\/arbeiten\/geschriebenes-2\/1000-zeichen-jahresprojekt\/","title":{"rendered":"1000 zeichen jahresprojekt"},"content":{"rendered":"<table border=\"0\" width=\"500\" cellspacing=\"0\" cellpadding=\"0\">\n<tbody>\n<tr>\n<th scope=\"col\" width=\"26\"><\/th>\n<th scope=\"col\" width=\"449\"><\/th>\n<th scope=\"col\" width=\"25\"><\/th>\n<\/tr>\n<tr>\n<td><img loading=\"lazy\" decoding=\"async\" src=\"https:\/\/gretaschneider.at\/images\/gif-dunkelste.gif\" width=\"25\" height=\"1\" \/><img loading=\"lazy\" decoding=\"async\" src=\"https:\/\/gretaschneider.at\/images\/gif-dunkelste.gif\" width=\"1\" height=\"1\" \/><\/td>\n<td>\n<div align=\"center\"><\/div>\n<\/td>\n<td><img loading=\"lazy\" decoding=\"async\" src=\"https:\/\/gretaschneider.at\/images\/gif-dunkelste.gif\" alt=\"\" width=\"100\" height=\"1\" \/><\/td>\n<\/tr>\n<tr>\n<td><img loading=\"lazy\" decoding=\"async\" src=\"https:\/\/gretaschneider.at\/images\/gif-dunkelste.gif\" width=\"1\" height=\"15\" \/><\/td>\n<td>\n<div align=\"center\">\n<p class=\"Stil20\" align=\"left\">\u00a01000 zeichen texte<\/p>\n<p class=\"Stil20\" align=\"left\">\u00a02008<\/p>\n<p class=\"Stil20\" align=\"left\">die lieblingszahl der engel ist 8. 8 wie unendlich, 8 wie zwei 3en die einander umarmen. die engel 8en auf alle lebewesen. menschenk\u00f6rper sind so zerst\u00f6rbar!<br \/>\ntierk\u00f6rper auch. tierk\u00f6rper darf einer t\u00f6ten. menschenk\u00f6rper nicht. tierk\u00f6rper darf einer essen. menschenk\u00f6rper nicht. so sagt es das gesetz hier auf der welt. Die engel 8en auf alles, was\u00a0 wachsen kann. pusteblume, hollerbusch. die lieblingszahl der engel ist 8. engelland ist \u00fcberall. 8en.8en. immer und ewig. zwei aufeinander gestellte kn\u00f6del: 8. zwei aufeinandergestellte erden: 8. und so weiter und so weiter. elgelsalltag: 8en auf alles was 8enswert ist auf diesem erdenball: wiesen, felder, w\u00e4lder,\u00a0 seen,\u00a0 fl\u00fcsse, meere . 8ten auf kreuchendes und fleuchendes, auf<br \/>\nalles was zerst\u00f6rbar ist. und die seelen. oo ihr engel! wer 8et auf die seelen? wer 8et auf ihr heilsein?\u00a0 ihr guten, ihr allgegenw\u00e4rtigen, schleicht ihr euch ein ins trauerenge herz und macht es weit? schleicht ihr euch ein\u00a0 und macht es hell und hoffnungsfroh? macht ihr euch dann in menschenherzen breit und wirkt durch sie? Seid ihr dann kinder oder alte? die lieblingszahl der engel ist 8. 8 wie unendlich, 8 wie zwei 3en die einander umarmen.<\/p>\n<p class=\"Stil20\" align=\"left\">\n<p class=\"Stil20\" align=\"left\">\n<p>&nbsp;<\/p>\n<\/div>\n<\/td>\n<td><\/td>\n<\/tr>\n<tr>\n<td><img loading=\"lazy\" decoding=\"async\" src=\"https:\/\/gretaschneider.at\/images\/gif-dunkelste.gif\" width=\"1\" height=\"25\" \/><\/td>\n<td>\n<div align=\"center\"><\/div>\n<\/td>\n<td><\/td>\n<\/tr>\n<tr>\n<td><\/td>\n<td>\n<div align=\"right\"><\/div>\n<\/td>\n<td><\/td>\n<\/tr>\n<tr>\n<td><\/td>\n<td><\/td>\n<td><\/td>\n<\/tr>\n<tr>\n<td><\/td>\n<td>\n<div class=\"Stil1\" align=\"center\">\n<div align=\"left\"><\/div>\n<\/div>\n<\/td>\n<td><\/td>\n<\/tr>\n<\/tbody>\n<\/table>\n","protected":false},"excerpt":{"rendered":"<p>\u00a01000 zeichen texte \u00a02008 die lieblingszahl der engel ist 8. 8 wie unendlich, 8 wie zwei 3en die einander umarmen. die engel 8en auf alle lebewesen. menschenk\u00f6rper sind so zerst\u00f6rbar! tierk\u00f6rper auch. tierk\u00f6rper darf einer t\u00f6ten. menschenk\u00f6rper nicht. tierk\u00f6rper darf einer essen. menschenk\u00f6rper nicht. so sagt es das gesetz hier auf der welt. Die engel [&hellip;]<\/p>\n","protected":false},"author":1,"featured_media":0,"parent":175,"menu_order":5,"comment_status":"closed","ping_status":"closed","template":"","meta":{"footnotes":""},"class_list":["post-187","page","type-page","status-publish","hentry"],"_links":{"self":[{"href":"https:\/\/gretaschneider.at\/index.php\/wp-json\/wp\/v2\/pages\/187","targetHints":{"allow":["GET"]}}],"collection":[{"href":"https:\/\/gretaschneider.at\/index.php\/wp-json\/wp\/v2\/pages"}],"about":[{"href":"https:\/\/gretaschneider.at\/index.php\/wp-json\/wp\/v2\/types\/page"}],"author":[{"embeddable":true,"href":"https:\/\/gretaschneider.at\/index.php\/wp-json\/wp\/v2\/users\/1"}],"replies":[{"embeddable":true,"href":"https:\/\/gretaschneider.at\/index.php\/wp-json\/wp\/v2\/comments?post=187"}],"version-history":[{"count":1,"href":"https:\/\/gretaschneider.at\/index.php\/wp-json\/wp\/v2\/pages\/187\/revisions"}],"predecessor-version":[{"id":188,"href":"https:\/\/gretaschneider.at\/index.php\/wp-json\/wp\/v2\/pages\/187\/revisions\/188"}],"up":[{"embeddable":true,"href":"https:\/\/gretaschneider.at\/index.php\/wp-json\/wp\/v2\/pages\/175"}],"wp:attachment":[{"href":"https:\/\/gretaschneider.at\/index.php\/wp-json\/wp\/v2\/media?parent=187"}],"curies":[{"name":"wp","href":"https:\/\/api.w.org\/{rel}","templated":true}]}}