{"id":181,"date":"2023-06-19T12:29:28","date_gmt":"2023-06-19T12:29:28","guid":{"rendered":"https:\/\/confident-davinci.212-227-174-136.plesk.page\/?page_id=181"},"modified":"2023-06-19T12:29:28","modified_gmt":"2023-06-19T12:29:28","slug":"jeden-tag-fuenf-punkte-verbinden","status":"publish","type":"page","link":"https:\/\/gretaschneider.at\/index.php\/arbeiten\/geschriebenes-2\/jeden-tag-fuenf-punkte-verbinden\/","title":{"rendered":"jeden tag f\u00fcnf punkte verbinden"},"content":{"rendered":"<table border=\"0\" width=\"500\" cellspacing=\"0\" cellpadding=\"0\">\n<tbody>\n<tr>\n<th scope=\"col\" width=\"26\"><\/th>\n<th scope=\"col\" width=\"449\"><\/th>\n<th scope=\"col\" width=\"25\"><\/th>\n<\/tr>\n<tr>\n<td><img loading=\"lazy\" decoding=\"async\" src=\"https:\/\/gretaschneider.at\/images\/gif-dunkelste.gif\" width=\"25\" height=\"1\" \/><img loading=\"lazy\" decoding=\"async\" src=\"https:\/\/gretaschneider.at\/images\/gif-dunkelste.gif\" width=\"1\" height=\"1\" \/><\/td>\n<td>\n<div align=\"center\"><\/div>\n<\/td>\n<td><img loading=\"lazy\" decoding=\"async\" src=\"https:\/\/gretaschneider.at\/images\/gif-dunkelste.gif\" alt=\"\" width=\"100\" height=\"1\" \/><\/td>\n<\/tr>\n<tr>\n<td><img loading=\"lazy\" decoding=\"async\" src=\"https:\/\/gretaschneider.at\/images\/gif-dunkelste.gif\" width=\"1\" height=\"15\" \/><\/td>\n<td>\n<div align=\"center\">\n<p class=\"Stil20\" align=\"left\">1998<\/p>\n<p class=\"Stil20\" align=\"left\">jeden tag f\u00fcnf punkte verbinden<\/p>\n<p class=\"Stil20\" align=\"left\">Jeden Tag f\u00fcnf Punkte verbinden und in der Verbundenheit sich selbst erkennen.<\/p>\n<p class=\"Stil20\" align=\"left\">Ein Rat, der Spa\u00df verspricht. Du findest Dich am\u00fcsant. Du findest die Abweichung deines Lebensweges von dem in Dir festgelegten Plan zum Schieflachen. Du erkennst Dich selbst nicht, wie Du so dahinwankst. Verschrammt und frierend, winterreisend und immer ein fr\u00f6hliches Wanderliedchen auf den blaugefrorenen Lippen. Du pfeifst aus dem letzten Loch, das Dir einst Schutz versprochen hat.<\/p>\n<p class=\"Stil20\" align=\"left\">Die Romantik einer blauen Blume l\u00e4\u00dft sich nicht bewahren. Welken, Faulen, Vertrocknen.<\/p>\n<p class=\"Stil20\" align=\"left\">Eine Stimme f\u00fcllt den Schacht zwischen den H\u00e4usern und Du h\u00f6rst ihr zu, doch die Worte sind zu leise und Du darfst Dir ihren Sinn w\u00e4hlen. Du w\u00e4hlst Dir ein Liebesfl\u00fcstern und wei\u00dft sogleich: die Wahl war nur ein Wunsch von Dir, ein Punkt von f\u00fcnfen, die Du jetzt verbinden wirst..<\/p>\n<p class=\"Stil20\" align=\"left\">Vor dem ge\u00f6ffneten Fenster beim Schreibtisch sitzen und f\u00fcnf Punkte verbinden. Mit geschlossenen Augen &#8211; das ist wichtig, sagst Du, die Augen m\u00fcssen geschlossen sein und das Papier verdreht, wie ein auf den R\u00fccken gefallener K\u00e4fer sagst Du, f\u00fcnf Punkte mit einander in Verbindung bringen. Das Papier mu\u00df Dir hilflos ausgeliefert sein. Totenstellung forderst Du, absolute Wehrlosigkeit.<\/p>\n<p class=\"Stil20\" align=\"left\">Ich will das nicht. Ich will mit dem Papier k\u00e4mpfen. Sp\u00fcre ich keinen Widerstand, gebe ich auf. Ein schwacher Gegner hat mein Mitleid. Einen schwachen Gegner kann ich nicht besiegen. F\u00fcnf Punkte, F\u00e4uste, die auf meine Nase zielen. Ausbr\u00fcche eines erloschen geglaubten Vulkans. Leidenschaft, die brauche ich, will ich Punkte auf dem Papier verbinden.<\/p>\n<p class=\"Stil20\" align=\"left\">Ich mu\u00df um mein Leben k\u00e4mpfen m\u00fcssen, damit ich die Punkte mit ganzer Kraft<br \/>\nverbinde. Entweder oder mu\u00df es hei\u00dfen und die Punkte m\u00fcssen sich wie Speerspitzen in mich bohren, m\u00fcssen die verstopften Wege freistechen, m\u00fcssen schmerzhaft sein zuerst und dann befreien.<\/p>\n<p class=\"Stil20\" align=\"left\">F\u00fcnf Punkte verbinden Jeden Tag f\u00fcnf Punkte nur.<\/p>\n<p class=\"Stil20\" align=\"left\">Sich mit f\u00fcnf Punkten mit sich selbst verbinden. Kurzleitungen zu dem was ich in mir drinnen trage und noch nicht wei\u00df.<\/p>\n<p class=\"Stil20\" align=\"left\">Jeden Tag f\u00fcnf Spr\u00fcnge in die Tiefe, in die schwarzen L\u00f6cher. Jeden Tag f\u00fcnf Punkte verbinden m\u00fcssen. Eine H\u00e4ngebr\u00fccke \u00fcber den Abgrund kn\u00fcpfen.<\/p>\n<p>&nbsp;<\/p>\n<\/div>\n<\/td>\n<td><\/td>\n<\/tr>\n<tr>\n<td><img loading=\"lazy\" decoding=\"async\" src=\"https:\/\/gretaschneider.at\/images\/gif-dunkelste.gif\" width=\"1\" height=\"25\" \/><\/td>\n<td>\n<div align=\"center\"><\/div>\n<\/td>\n<td><\/td>\n<\/tr>\n<tr>\n<td><\/td>\n<td>\n<div align=\"right\"><\/div>\n<\/td>\n<td><\/td>\n<\/tr>\n<tr>\n<td><\/td>\n<td><\/td>\n<td><\/td>\n<\/tr>\n<tr>\n<td><\/td>\n<td>\n<div class=\"Stil1\" align=\"center\">\n<div align=\"left\"><\/div>\n<\/div>\n<\/td>\n<td><\/td>\n<\/tr>\n<\/tbody>\n<\/table>\n","protected":false},"excerpt":{"rendered":"<p>1998 jeden tag f\u00fcnf punkte verbinden Jeden Tag f\u00fcnf Punkte verbinden und in der Verbundenheit sich selbst erkennen. Ein Rat, der Spa\u00df verspricht. Du findest Dich am\u00fcsant. Du findest die Abweichung deines Lebensweges von dem in Dir festgelegten Plan zum Schieflachen. Du erkennst Dich selbst nicht, wie Du so dahinwankst. Verschrammt und frierend, winterreisend und [&hellip;]<\/p>\n","protected":false},"author":1,"featured_media":0,"parent":175,"menu_order":2,"comment_status":"closed","ping_status":"closed","template":"","meta":{"footnotes":""},"class_list":["post-181","page","type-page","status-publish","hentry"],"_links":{"self":[{"href":"https:\/\/gretaschneider.at\/index.php\/wp-json\/wp\/v2\/pages\/181","targetHints":{"allow":["GET"]}}],"collection":[{"href":"https:\/\/gretaschneider.at\/index.php\/wp-json\/wp\/v2\/pages"}],"about":[{"href":"https:\/\/gretaschneider.at\/index.php\/wp-json\/wp\/v2\/types\/page"}],"author":[{"embeddable":true,"href":"https:\/\/gretaschneider.at\/index.php\/wp-json\/wp\/v2\/users\/1"}],"replies":[{"embeddable":true,"href":"https:\/\/gretaschneider.at\/index.php\/wp-json\/wp\/v2\/comments?post=181"}],"version-history":[{"count":1,"href":"https:\/\/gretaschneider.at\/index.php\/wp-json\/wp\/v2\/pages\/181\/revisions"}],"predecessor-version":[{"id":182,"href":"https:\/\/gretaschneider.at\/index.php\/wp-json\/wp\/v2\/pages\/181\/revisions\/182"}],"up":[{"embeddable":true,"href":"https:\/\/gretaschneider.at\/index.php\/wp-json\/wp\/v2\/pages\/175"}],"wp:attachment":[{"href":"https:\/\/gretaschneider.at\/index.php\/wp-json\/wp\/v2\/media?parent=181"}],"curies":[{"name":"wp","href":"https:\/\/api.w.org\/{rel}","templated":true}]}}