{"id":177,"date":"2023-06-19T12:26:46","date_gmt":"2023-06-19T12:26:46","guid":{"rendered":"https:\/\/confident-davinci.212-227-174-136.plesk.page\/?page_id=177"},"modified":"2024-08-06T13:58:17","modified_gmt":"2024-08-06T13:58:17","slug":"das-hohe-lied","status":"publish","type":"page","link":"https:\/\/gretaschneider.at\/index.php\/austellungen\/das-hohe-lied\/","title":{"rendered":"das hohe lied"},"content":{"rendered":"<table border=\"0\" width=\"500\" cellspacing=\"0\" cellpadding=\"0\">\n<tbody>\n<tr>\n<th scope=\"col\" width=\"26\"><\/th>\n<th scope=\"col\" width=\"449\"><\/th>\n<th scope=\"col\" width=\"25\"><\/th>\n<\/tr>\n<tr>\n<td><img loading=\"lazy\" decoding=\"async\" src=\"https:\/\/gretaschneider.at\/images\/gif-dunkelste.gif\" width=\"25\" height=\"1\" \/><img loading=\"lazy\" decoding=\"async\" src=\"https:\/\/gretaschneider.at\/images\/gif-dunkelste.gif\" width=\"1\" height=\"1\" \/><\/td>\n<td>\n<div align=\"center\">\n<p class=\"Stil20\">das lied der lieder, das schlomos ist<\/p>\n<p class=\"Stil20\">1<br \/>\ner k\u00fcsse mich<br \/>\nmit dem kuss<br \/>\nseines mundes !<br \/>\nja, guttut, mehr als wein,<br \/>\nder duft deiner liebe.<\/p>\n<p class=\"Stil20\">es riechen deine<br \/>\nsalben k\u00f6stlich,<br \/>\ndarum lieben<br \/>\ndich die m\u00e4dchen.<br \/>\nzieh mich<br \/>\ndir<br \/>\nnach, komm,<br \/>\nla\u00df uns laufen!<\/p>\n<p class=\"Stil20\">sehet nimmer mich<br \/>\nan, dass ich eine<br \/>\nschw\u00e4rzliche bin.<br \/>\nmeine sonne hat mich<br \/>\nverbrannt.<\/p>\n<p class=\"Stil20\">sage mir an,<br \/>\ndu,<br \/>\nden meine seele liebt:<br \/>\nwo du weidest<br \/>\nwo du ruhst<br \/>\nam mittag?<\/p>\n<p class=\"Stil20\">wei\u00dft du es<br \/>\nnicht, du sch\u00f6nste unter<br \/>\nden frauen? zieh vor dich hin<br \/>\nin den spuren des kleinviehs.<br \/>\nmeine freundin, stute am<br \/>\nwagen des pharaos.<br \/>\ndeine wangen sind<br \/>\nlieblich.<br \/>\nwir wollen dir goldene<br \/>\nkettchen<br \/>\nmachen mit kleinen silbernen<br \/>\nkugeln.<\/p>\n<p class=\"Stil20\">als der k\u00f6nig sich<br \/>\nherwandte gab<br \/>\nmeine narde<br \/>\nihren duft. ein<br \/>\nmyrrhenb\u00fcschel, weilt mir<br \/>\nmein liebster zwischen den<br \/>\nbr\u00fcsten, eine<br \/>\nzyperntraube in engedis<br \/>\nwintergel\u00e4nd.<\/p>\n<p class=\"Stil20\">siehe meine freundin,<br \/>\ndu bist<br \/>\nsch\u00f6n. sch\u00f6n<br \/>\nbist du.<br \/>\ndeine augen sind<br \/>\ntaubenaugen.<\/p>\n<p class=\"Stil20\">siehe mein freund<br \/>\ndu bist<br \/>\nsch\u00f6n und lieblich.<br \/>\nunser lager ist gr\u00fcn.<\/p>\n<p class=\"Stil20\">2<br \/>\nich bin<br \/>\neine blume in sharon und<br \/>\neine lilie im tal.<\/p>\n<p class=\"Stil20\">eine lilie unter dornen ist<br \/>\nmeine freundin<br \/>\nunter den m\u00e4dchen.<\/p>\n<p class=\"Stil20\">ein apfelbaum unter<br \/>\nden wilden b\u00e4umen\u00a0 ist<br \/>\nmein freund unter<br \/>\nden j\u00fcnglingen..<br \/>\nin seinem schatten will<br \/>\nich sitzen.<br \/>\nseine frucht ist meinem<br \/>\ngaumen s\u00fc\u00df.<br \/>\ner hat mich ins weinhaus gebracht<br \/>\nund \u00fcber mir schwebt sein banner:<br \/>\nliebe.<br \/>\ner erquickt<br \/>\nmich mit traubenkuchen und<br \/>\nlabt<br \/>\nmich mit \u00e4pfeln, denn<br \/>\nich bin<br \/>\nkrank vor liebe.<br \/>\nseine linke liegt unter<br \/>\nmeinem kopf,<br \/>\nseine rechte<br \/>\nherzt mich.<\/p>\n<p>&nbsp;<\/p>\n<p class=\"Stil20\">ich beschw\u00f6re euch, t\u00f6chter jerusalems,<br \/>\nweckt die liebe nicht, st\u00f6rt sie nicht,<br \/>\nbis es ihr selbst gef\u00e4llt, sich zu zeigen.<\/p>\n<p class=\"Stil20\">da ist die<br \/>\nstimme meines liebsten!<br \/>\nsiehe, er kommt<br \/>\nund h\u00fcpft<br \/>\n\u00fcber die berge<br \/>\nund springt<br \/>\n\u00fcber die h\u00fcgel.<br \/>\nsiehe, er steht<br \/>\nhinter unsrer mauer und sieht<br \/>\ndurchs fenster und blickt<br \/>\ndurchs gitter.<\/p>\n<p class=\"Stil20\">steh auf meine freundin,<br \/>\nmeine sch\u00f6ne,<br \/>\nkomm her!<br \/>\ndenn siehe, der winter ist<br \/>\nvergangen, der regen ist<br \/>\nvorbei und dahin.<br \/>\ndie blumen kommen aus der erde,<br \/>\nder fr\u00fchling zieht durchs land<br \/>\ndie turteltaube l\u00e4\u00dft sich h\u00f6ren,<br \/>\nder feigenbaum f\u00e4rbt seine<br \/>\nknoten und die<br \/>\nreben duften bl\u00fchend.<br \/>\nsteh auf meine freundin und komm,<br \/>\nmeine sch\u00f6ne, komm her.<br \/>\nmeine taube in den felsenschl\u00fcften,<br \/>\nlass mich dich sehen von angesicht!<br \/>\nlass mich deine stimme h\u00f6ren,<br \/>\ndenn deine stimme ist s\u00fc\u00df,<br \/>\nwundersam ist dein gesicht.<\/p>\n<p class=\"Stil20\">fangt uns die f\u00fcchse,<br \/>\ndie kleinen f\u00fcchse,<br \/>\nweing\u00e4rten verderben sie<br \/>\nund unsere<br \/>\nweing\u00e4rten knospen!<\/p>\n<p class=\"Stil20\">mein freund ist mein und ich<br \/>\nbin sein,<br \/>\nder unter den lilien<br \/>\nweidet. bis der tag k\u00fchl<br \/>\nwird und die schatten<br \/>\nschwinden, wende dich her<br \/>\nmein freund.<br \/>\nkomm zu mir her<br \/>\n\u00fcber die berge der trennung hin.<\/p>\n<p class=\"Stil20\">3<br \/>\ndes nachts auf meinem lager<br \/>\nsuchte ich<br \/>\nden meine seele liebt.<br \/>\nich suchte, aber ich<br \/>\nfand ihn nicht.<br \/>\nich will aufstehen und<br \/>\nin der nacht<br \/>\numhergehen auf den<br \/>\ngassen und stra\u00dfen<br \/>\nund suchen den meine seele liebt.<br \/>\nich suchte, aber ich fand<br \/>\nihn nicht.<br \/>\nes fanden<br \/>\nmich die w\u00e4chter,<br \/>\ndie in der stadt<br \/>\numhergehen.<\/p>\n<p class=\"Stil20\">habt ihr nicht<br \/>\ngesehen, den<br \/>\nmeine seele liebt?<\/p>\n<p class=\"Stil20\">als ich an ihnen vor\u00fcber<br \/>\nwar fand ich<br \/>\nden meine seele liebt.<br \/>\nich hielt ihn<br \/>\nich lie\u00df ihn<br \/>\nnicht los bis ich ihn<br \/>\nbrachte in meiner mutter<br \/>\nhaus.<\/p>\n<p class=\"Stil20\">ich beschw\u00f6re euch, t\u00f6chter jerusalems;<br \/>\nweckt die liebe nicht, st\u00f6rt sie nicht, bis<br \/>\nes ihr selbst gef\u00e4llt sich zu zeigen.<\/p>\n<p class=\"Stil20\">was steigt da<br \/>\nherauf aus der<br \/>\nw\u00fcste rauchs\u00e4ulengleich<br \/>\numdampft von myrrhe und weihrauch?<br \/>\nvon allerlei<br \/>\ngew\u00fcrz eines h\u00e4ndlers?<br \/>\nsiehe die s\u00e4nfte<br \/>\nschlomos!<br \/>\n60 starke um sie her!<br \/>\nsie halten schwerter<br \/>\nsie sind ge\u00fcbt<br \/>\nim kampf.<br \/>\nein jeder tr\u00e4gt<br \/>\nsein schwert<br \/>\nan der h\u00fcfte<br \/>\ngegen die schrecken der nacht.<br \/>\nder k\u00f6nig<br \/>\nschlomo lie\u00df sich eine<br \/>\ns\u00e4nfte machen.<br \/>\nholz vom libanon<br \/>\ns\u00e4ulen aus silber<br \/>\nlehnen aus gold<br \/>\nihr sitz mit purpur<br \/>\n\u00fcberzogen<br \/>\nihr inneres<br \/>\nmit ebenholz<br \/>\neingelegt. liebesarbeit<br \/>\nvon den t\u00f6chtern\u00a0 jerusalems.<br \/>\nkommt und seht<br \/>\nihr t\u00f6chter zions<br \/>\nden k\u00f6nig schlomo! seht<br \/>\nihn in\u00a0 seiner krone<br \/>\nvon seiner mutter<br \/>\ngekr\u00f6nt am tage der hochzeit,<br \/>\nam tag, als sein herz voller gl\u00fcck.<\/p>\n<p class=\"Stil20\">4<br \/>\nsiehe meine freundin<br \/>\ndu bist<br \/>\nsch\u00f6n! sch\u00f6n<br \/>\nbist du!<br \/>\ndeine augen taubenaugen hinter<br \/>\ndem schleier.<br \/>\ndein haar eine ziegenherde<br \/>\nwie sie herabsteigt vom gebirge gilead.<br \/>\ndeine lippen eine scharlachfarbene schnur und<br \/>\ndein mund, er ist lieblich.<br \/>\ndeine schl\u00e4fen hinter dem schleier sie gleichen<br \/>\ngranatapfelscheiben.<br \/>\ndein hals, der turm\u00a0 davids<br \/>\nf\u00fcr goldreifen ist er gebaut,<br \/>\nmit 1000 schilden ist er behangen!<br \/>\nschilden von starken.<br \/>\ndeine br\u00fcste, oh, zwei kitzlein,<br \/>\nzwillinge von gazellen,<br \/>\nunter\u00a0 lilien weidend.<\/p>\n<p>&nbsp;<\/p>\n<p class=\"Stil20\">bis der tag k\u00fchl wird und die<br \/>\nschatten schwinden will ich<br \/>\nzum myrrhenberge gehen undzum weihrauchh\u00fcgel.<\/p>\n<p class=\"Stil20\">sch\u00f6n bist du meine freundin und<br \/>\nkein makel ist an dir.<br \/>\nkomm mit mir<br \/>\nmeine braut vom libanon,<br \/>\nkomm mit mir!<br \/>\nvom libanon<br \/>\nsteig herab von der h\u00f6he<br \/>\ndes amana<br \/>\nvon der h\u00f6he<br \/>\ndes senir, des hermon<br \/>\naus den l\u00f6wenh\u00f6hlen<br \/>\nvon den leopardenbergen.<br \/>\ndu hast\u00a0 das herz mir<br \/>\ngenommen<br \/>\nmeine schwester, liebe braut,<br \/>\ndu hast\u00a0 das herz mir<br \/>\ngenommen mit<br \/>\neinem blick deiner augen<br \/>\nmit einer drehung deines halsgeschmeids.<br \/>\nwie sch\u00f6n ist deine liebe,<br \/>\nmeine schwester, liebe braut!<br \/>\nja, guttut, mehr als wein,<br \/>\nder duft deiner liebe.<br \/>\nder geruch deiner \u00f6le<br \/>\n\u00fcbertrifft den der gew\u00fcrze.<br \/>\nvon deinen lippen tr\u00e4ufelt honig.<br \/>\nhonig und milch sind<br \/>\nunter deiner zunge.<br \/>\nder duft deiner kleider<br \/>\nist der duft des libanons.<\/p>\n<p class=\"Stil20\">ein verriegelter garten<br \/>\nein verriegelter born,<br \/>\nein versiegelter quell<br \/>\nist meine schwester braut.<br \/>\nein lustgarten von granat\u00e4pfeln<br \/>\nbist du mit edlen<br \/>\nzypernblumen mit<br \/>\nnarden!<br \/>\nein gartenquell bist du,<br \/>\nlebendiges wasser,<br \/>\ndas vom libanon flie\u00dft.<\/p>\n<p>&nbsp;<\/p>\n<p class=\"Stil20\">steh auf nordwind und<br \/>\nkomm s\u00fcdwind wehe<br \/>\ndurch meinen garten<br \/>\naufdass der duft seiner gew\u00fcrze str\u00f6me!<br \/>\nmein liebster komme in<br \/>\nmeinen garten und esse<br \/>\nvon meinen fr\u00fcchten.<\/p>\n<p class=\"Stil20\">5<br \/>\nich bin gekommen, schwester<br \/>\nliebe braut, in meinen garten<br \/>\nbin ich gekommen<br \/>\nich pfl\u00fccke meine myrrhe<br \/>\nich streiche meinen balsam.<br \/>\nmeine wabe samt dem honig ess ich,<br \/>\ntrinke wein und milch zugleich.<br \/>\ne\u00dft meine freunde und<br \/>\ntrinkt und werdet<br \/>\ntrunken vor liebe!<\/p>\n<p class=\"Stil20\">ich schlief aber mein herz<br \/>\nwar wach.<br \/>\nda ist die stimme meines liebsten.<br \/>\ner klopft.<br \/>\ntu\u00a0 mir auf, meine freundin, schwester, taube<br \/>\ntu mir auf meine heile!<br \/>\nmein haupt ist voll tau,<br \/>\nmeine locken voller tropfen der nacht.<\/p>\n<p class=\"Stil20\">ich habe mein kleid<br \/>\nausgezogen!\u00a0 soll<br \/>\nich es wieder anziehn?<br \/>\nich habe meine f\u00fc\u00dfe<br \/>\ngewaschen! soll<br \/>\nich sie wieder beschmutzen?<\/p>\n<p class=\"Stil20\">mein liebster steckt seine<br \/>\nhand durchs<br \/>\nriegelloch und mein<br \/>\ninnerstes wallt<br \/>\nihm entgegen.<br \/>\nda stand ich<br \/>\nauf, dass ich<br \/>\nihm auft\u00e4te, dem freund,<br \/>\ndie h\u00e4nde triefend von myrrhe, die finger voll<br \/>\nflie\u00dfender myrrhe am griff des riegels.<\/p>\n<p>&nbsp;<\/p>\n<p class=\"Stil20\">ich \u00f6ffne, ich, meinem liebsten &#8211;<br \/>\nmein liebster ist abgebogen, hinweg.<br \/>\nmeine seele geht aus seiner rede nach.<br \/>\nich suche ihn, ich<br \/>\nfinde ihn nicht.<br \/>\nich rufe ihn, aber er<br \/>\nantwortet nicht.<br \/>\nes fanden mich<br \/>\ndie w\u00e4chter in der stadt<br \/>\numhergehen.<br \/>\nsie nahmen mir meinen mantel,<br \/>\nsie schlugen mich wund.<br \/>\ndie w\u00e4chter auf der mauer, sie<br \/>\nschlugen mich, sie verwundeten mich.<\/p>\n<p class=\"Stil20\">ich beschw\u00f6re euch, t\u00f6chter jerusalems,<br \/>\nschwestern,<br \/>\nfindet meinen freund,<br \/>\nsagt ihm, da\u00df ich<br \/>\nkrank vor liebe bin!<\/p>\n<p class=\"Stil20\">was hat dein liebster denn<br \/>\nanderen voraus,<br \/>\nsch\u00f6nste unter den frauen?<br \/>\nwas hat dein freund<br \/>\ndenn anderen voraus, da\u00df du<br \/>\nuns so beschw\u00f6rst?<\/p>\n<p class=\"Stil20\">mein liebster ist wei\u00df und rot,<br \/>\nauserkoren unter<br \/>\nvielen tausenden.<br \/>\nsein haupt ist<br \/>\nfeinstes gold,<br \/>\nkraus sind seine locken,<br \/>\nschwarz wie ein rabe.<br \/>\nseine augen sind tauben an wasserb\u00e4chen,<br \/>\nin milch badend<br \/>\nund sitzend an reichen wassern.<br \/>\nseine wangen sind balsambeete,<br \/>\nseine lippen sind lilien<br \/>\ntriefend<br \/>\nvon fl\u00fcssiger myrrhe.<br \/>\nseine finger sind<br \/>\ngoldene st\u00e4be voller<br \/>\nt\u00fcrkise.<br \/>\nsein leib ist reines<br \/>\nelfenbein mit saphiren geschm\u00fcckt.<br \/>\nseine beine s\u00e4ulen aus marmor<br \/>\nfest stehend auf goldenen f\u00fc\u00dfen.<br \/>\nsein k\u00f6rper ist wie der libanon,<br \/>\nsein mund ist s\u00fc\u00df und alles<br \/>\nan ihm ist sch\u00f6n.<br \/>\nso ist mein freund,<br \/>\nja,<br \/>\nmein freund ist so,<br \/>\nihr t\u00f6chter jerusalems!<\/p>\n<p class=\"Stil20\">6<br \/>\nwohin\u00a0 ist denn dein freund denn<br \/>\ngegangen, sch\u00f6nste der frauen?<br \/>\nwohin hat er sich gewendet dein liebster?<br \/>\nwir wollen ihn suchen<br \/>\nmit dir.<\/p>\n<p class=\"Stil20\">mein liebster steigt zu seinem<br \/>\ngarten hinab zu den balsambeeten,<br \/>\num in den gartengr\u00fcnden zu weiden,<br \/>\num lilien zu pfl\u00fccken.<\/p>\n<p>mein liebster ist<br \/>\nmein<br \/>\nund ich bin<br \/>\nsein,<br \/>\nder unter den lilien weidet.<\/p>\n<p class=\"Stil20\">du bist<br \/>\nsch\u00f6n meine freundin,<br \/>\nlieblich wie jerusalem, stark wie<br \/>\nein heer.<br \/>\nwende deine augen<br \/>\nvon mir, denn sie<br \/>\nverwirren mich.<br \/>\ndein haar ist wie eine<br \/>\nherde ziegen, die vom gilad wallt,<br \/>\ndeine z\u00e4hne wie eine<br \/>\nherde schafe, die aus der schwemme steigt,<br \/>\njedes tier mit zwei jungen tr\u00e4chtig,<br \/>\nfehlw\u00fcrfig ist keines von ihnen.<br \/>\ngranatapfelgleich deine wangen<br \/>\nhinter dem schleier.<\/p>\n<p class=\"Stil20\">sechzig k\u00f6niginnen sind es<br \/>\nund achzig nebenfrauen<br \/>\nund jungfraun ohne zahl!<br \/>\ndoch du bist<br \/>\nmeine taube,<br \/>\nmeine heile.<\/p>\n<p class=\"Stil20\">wer bist du,<br \/>\ndie hervorbricht wie<br \/>\ndie morgenr\u00f6te, sch\u00f6n wie<br \/>\nder mond, klar wie<br \/>\ndie sonne, stark wie<br \/>\nein heer.<\/p>\n<p class=\"Stil20\">ich bin gegangen in den garten<br \/>\nzu schauen die knospen im tal,<br \/>\nzu schauen das sprie\u00dfen des<br \/>\nweinstocks, zu sehn,<br \/>\nob die granat\u00e4pfel bl\u00fchn.<br \/>\nohne das ich es merkte<br \/>\ntrieb mein verlangen<br \/>\nmich zu der tochter des f\u00fcrsten.<\/p>\n<p class=\"Stil20\">7<br \/>\ndreh dich, dreh dich<br \/>\nschulamitin,<br \/>\ndreh dich, dreh dich<br \/>\nda\u00df wir dich schaun!<br \/>\nwas wollt ihr beschaun an<br \/>\nschulamitin beim reigen im lager?<\/p>\n<p class=\"Stil20\">wie sch\u00f6n ist dein<br \/>\ngang in den schuhen, du tochter des f\u00fcrsten!<br \/>\ndie rundung deiner h\u00fcfte gleicht einem<br \/>\nhalsgeschmeid aus eines meisters hand.<br \/>\ndein scho\u00df einem<br \/>\nrunden becher, dem nimmer an milchtrank<br \/>\nes mangelt. dein bauch ist<br \/>\nein weizenhaufen von lilien umsteckt.<br \/>\ndeine augen sind<br \/>\nteiche, die<br \/>\nteiche von heschbon am tor bat-rabbim.<br \/>\ndein haupt der berg karmel.<br \/>\ndas haar auf deinem haupt ist purpur.<br \/>\nein k\u00f6nig liegt in deinen<br \/>\nlocken gefangen.<\/p>\n<p class=\"Stil20\">wie sch\u00f6n, wie lieblich bist<br \/>\ndu, du<br \/>\nliebe voller wonne. dein<br \/>\nwuchs ist hoch wie ein<br \/>\npalmbaum, deine<br \/>\nbr\u00fcste gleichen den<br \/>\nweintrauben. ich will auf<br \/>\nden palmbaum<br \/>\nsteigen und seine<br \/>\nzweige ergreifen. la\u00df deine br\u00fcste<br \/>\ntrauben sein, dein atem<br \/>\ndufte nach \u00e4pfeln!<br \/>\ndein mund sei<br \/>\nguter wein, der noch im schlaf<br \/>\nmeine lippen sich regen macht.<\/p>\n<p class=\"Stil20\">Meinem liebsten geh\u00f6re ich<br \/>\nund nach ihm steht mein<br \/>\nverlangen.<br \/>\nkomm, mein<br \/>\nfreund la\u00df uns aufs<br \/>\nfeld gehen und unter den<br \/>\nzypernblumen die<br \/>\nnacht verbringen! lass\u00a0 uns<br \/>\nsehen ob der<br \/>\nweinstock sprie\u00dft, ob seine<br \/>\nbl\u00fcten sich \u00f6ffnen, ob die<br \/>\ngranatb\u00e4ume bl\u00fchen. da will<br \/>\nich dir meine<br \/>\nliebe<br \/>\nschenken. die liebes\u00e4pfel geben<br \/>\nden duft und an unseren<br \/>\nt\u00fcren sind nur edle<br \/>\nfr\u00fcchte, neue und alte.\u00a0 f\u00fcr<br \/>\ndich\u00a0 mein liebster, hab\u2019 ich<br \/>\nsie aufgespart.<\/p>\n<p class=\"Stil20\">8<br \/>\nf\u00e4nd ich<br \/>\ndich drau\u00dfen, so wollt ich<br \/>\ndich k\u00fcssen. ich wollte<br \/>\ndich f\u00fchren in<br \/>\nmeine kammer. da wollt ich dich tr\u00e4nken<br \/>\nmit w\u00fcrzigem wein<br \/>\nmit granat\u00e4pfelsaft.<\/p>\n<p class=\"Stil20\">seine<br \/>\nlinke liegt unter meinem<br \/>\nhaupt und<br \/>\nseine<br \/>\nrechte herzt mich.<\/p>\n<p class=\"Stil20\">beschw\u00f6re euch, t\u00f6chter jerusalems,<br \/>\nweckt die liebe nicht,\u00a0 st\u00f6rt sie nicht bis es ihr<br \/>\nselbst gef\u00e4llt sich zu zeigen.<\/p>\n<p>&nbsp;<\/p>\n<p class=\"Stil20\">wer ist sie,<br \/>\ndie heraufsteigt aus der w\u00fcste<br \/>\nan ihren liebsten gelehnt?<\/p>\n<p class=\"Stil20\">unter dem apfelbaum weckte<br \/>\nich dich<br \/>\nunter dem baum<br \/>\nwo deine mutter<br \/>\nin wehen ist gekommen<br \/>\nwo deine mutter<br \/>\ndich hat geboren.<\/p>\n<p class=\"Stil20\">setz` mich wie ein siegel dir auf<br \/>\ndas herz, wie einen siegelreif<br \/>\ndir um den arm.<br \/>\ndenn gewaltsam wie der tod ist die liebe,<br \/>\nfurchtbar wie das totenreich ihr eifern,<br \/>\nihre flitze sind feuerflitze,<br \/>\neine lohe oh von Ihm her!<br \/>\nihre glut ist feurig und eine<br \/>\nflamme des herrn, sodass auch<br \/>\nviele wasser die liebe<br \/>\nnicht ausl\u00f6schen,\u00a0 ja str\u00f6me ihre<br \/>\nglut\u00a0 nicht ertr\u00e4nken k\u00f6nnen.<br \/>\ng\u00e4be ein mann all sein<br \/>\nverm\u00f6gen um die liebe<br \/>\nman spottete sein, spottete sein.<\/p>\n<p class=\"Stil20\">wir haben eine schwester, eine kleine schwester,<br \/>\ndie hat noch keine br\u00fcste,<br \/>\nwas wollen wir mit unserer schwester tun<br \/>\nwenn einer kommt und\u00a0 um sie wirbt?<\/p>\n<p class=\"Stil20\">ist sie eine mauer, baun wir einen<br \/>\nturm aus silber auf sie drauf<br \/>\nund ist sie eine pforte,<br \/>\ndann verrammeln wir die mit einer<br \/>\nzedernplanke.<\/p>\n<p class=\"Stil20\">nun ich eine mauer bin und<br \/>\nmeine br\u00fcste t\u00fcrmen gleichen<br \/>\nso ward ich in seinen augen<br \/>\nwie eine, die befriedigung fand.<\/p>\n<p>&nbsp;<\/p>\n<p class=\"Stil20\">einen weinberg hatte salomo in baa-lhamon<br \/>\nden \u00fcbergab er\u00a0 h\u00fctern &#8211;<br \/>\nein jeder br\u00e4chte f\u00fcr seine fr\u00fcchte<br \/>\ntausend vollgewicht silbers herbei.<br \/>\ndie tausend lass ich dir, salomo,<br \/>\nmein eigener weinberg liegt vor mir.<\/p>\n<p class=\"Stil20\">die du in den g\u00e4rten verweilst,<br \/>\nfreunde lauschen deiner stimme,<br \/>\nlass sie mich h\u00f6ren!<\/p>\n<p class=\"Stil20\">flieh mein geliebter,<br \/>\nflieh wie die gazelle,<br \/>\nwie der junge hirsch.<br \/>\nflieh \u00fcber die balsamberge hin!<\/p>\n<p>&nbsp;<\/p>\n<\/div>\n<\/td>\n<td><img loading=\"lazy\" decoding=\"async\" src=\"https:\/\/gretaschneider.at\/images\/gif-dunkelste.gif\" alt=\"\" width=\"25\" height=\"1\" \/><\/td>\n<\/tr>\n<tr>\n<td><img loading=\"lazy\" decoding=\"async\" src=\"https:\/\/gretaschneider.at\/images\/gif-dunkelste.gif\" width=\"1\" height=\"15\" \/><\/td>\n<td><\/td>\n<td><\/td>\n<\/tr>\n<tr>\n<td><img loading=\"lazy\" decoding=\"async\" src=\"https:\/\/gretaschneider.at\/images\/gif-dunkelste.gif\" width=\"1\" height=\"25\" \/><\/td>\n<td><\/td>\n<td><\/td>\n<\/tr>\n<tr>\n<td><\/td>\n<td><\/td>\n<td><\/td>\n<\/tr>\n<tr>\n<td><\/td>\n<td><\/td>\n<td><\/td>\n<\/tr>\n<tr>\n<td><\/td>\n<td><\/td>\n<td><\/td>\n<\/tr>\n<\/tbody>\n<\/table>\n","protected":false},"excerpt":{"rendered":"<p>das lied der lieder, das schlomos ist 1 er k\u00fcsse mich mit dem kuss seines mundes ! ja, guttut, mehr als wein, der duft deiner liebe. es riechen deine salben k\u00f6stlich, darum lieben dich die m\u00e4dchen. zieh mich dir nach, komm, la\u00df uns laufen! sehet nimmer mich an, dass ich eine schw\u00e4rzliche bin. meine sonne [&hellip;]<\/p>\n","protected":false},"author":1,"featured_media":0,"parent":232,"menu_order":5,"comment_status":"closed","ping_status":"closed","template":"","meta":{"footnotes":""},"class_list":["post-177","page","type-page","status-publish","hentry"],"_links":{"self":[{"href":"https:\/\/gretaschneider.at\/index.php\/wp-json\/wp\/v2\/pages\/177","targetHints":{"allow":["GET"]}}],"collection":[{"href":"https:\/\/gretaschneider.at\/index.php\/wp-json\/wp\/v2\/pages"}],"about":[{"href":"https:\/\/gretaschneider.at\/index.php\/wp-json\/wp\/v2\/types\/page"}],"author":[{"embeddable":true,"href":"https:\/\/gretaschneider.at\/index.php\/wp-json\/wp\/v2\/users\/1"}],"replies":[{"embeddable":true,"href":"https:\/\/gretaschneider.at\/index.php\/wp-json\/wp\/v2\/comments?post=177"}],"version-history":[{"count":2,"href":"https:\/\/gretaschneider.at\/index.php\/wp-json\/wp\/v2\/pages\/177\/revisions"}],"predecessor-version":[{"id":256,"href":"https:\/\/gretaschneider.at\/index.php\/wp-json\/wp\/v2\/pages\/177\/revisions\/256"}],"up":[{"embeddable":true,"href":"https:\/\/gretaschneider.at\/index.php\/wp-json\/wp\/v2\/pages\/232"}],"wp:attachment":[{"href":"https:\/\/gretaschneider.at\/index.php\/wp-json\/wp\/v2\/media?parent=177"}],"curies":[{"name":"wp","href":"https:\/\/api.w.org\/{rel}","templated":true}]}}