{"id":118,"date":"2023-06-19T10:47:29","date_gmt":"2023-06-19T10:47:29","guid":{"rendered":"https:\/\/confident-davinci.212-227-174-136.plesk.page\/?page_id=118"},"modified":"2024-08-05T08:12:50","modified_gmt":"2024-08-05T08:12:50","slug":"gezeichnetes-2","status":"publish","type":"page","link":"https:\/\/gretaschneider.at\/index.php\/arbeiten\/gezeichnetes-2\/","title":{"rendered":"gezeichnetes"},"content":{"rendered":"<p><a href=\"https:\/\/gretaschneider.at\/wp-content\/uploads\/2024\/08\/IMG_9232-scaled.jpg\" target=\"_blank\" rel=\"noopener\"><img loading=\"lazy\" decoding=\"async\" class=\"alignnone wp-image-125 size-thumbnail\" src=\"https:\/\/gretaschneider.at\/wp-content\/uploads\/2023\/06\/IMG_9232-150x150.jpg\" alt=\"asdf\" width=\"150\" height=\"150\" \/><\/a><br \/>\n<span class=\"Stil20\"><strong>fritz und franz<\/strong><br \/>\ntusche auf papier\u00a0<\/span><span class=\"Stil20\">50\/60<br \/>\n2008<\/span><\/p>\n<hr \/>\n<p><a href=\"https:\/\/gretaschneider.at\/wp-content\/uploads\/2024\/08\/IMG_9217-2-scaled.jpg\" target=\"_blank\" rel=\"noopener\"><img loading=\"lazy\" decoding=\"async\" class=\"alignnone wp-image-121 size-thumbnail\" src=\"https:\/\/gretaschneider.at\/wp-content\/uploads\/2023\/06\/IMG_9217-150x150.jpg\" alt=\"\" width=\"150\" height=\"150\" \/><\/a><br \/>\n<span class=\"Stil20\"><strong>obstengel<\/strong><br \/>\nacryl und \u00f6lkreide auf papier <\/span><span class=\"Stil20\">30\/20<br \/>\n2008<\/span><\/p>\n<hr \/>\n<p><a href=\"https:\/\/gretaschneider.at\/wp-content\/uploads\/2024\/08\/IMG_9221-2-scaled.jpg\" target=\"_blank\" rel=\"noopener\"><img loading=\"lazy\" decoding=\"async\" class=\"alignnone wp-image-122 size-thumbnail\" src=\"https:\/\/gretaschneider.at\/wp-content\/uploads\/2023\/06\/IMG_9221-150x150.jpg\" alt=\"\" width=\"150\" height=\"150\" \/><\/a><br \/>\n<span class=\"Stil20\"><strong>l\u00f6wenm\u00e4uler<\/strong><br \/>\nacryl und \u00f6lkreide auf papier\u00a0<\/span><span class=\"Stil20\">30\/20<br \/>\n2008<\/span><\/p>\n<hr \/>\n<p><a href=\"https:\/\/gretaschneider.at\/wp-content\/uploads\/2024\/08\/IMG_9223-scaled.jpg\" target=\"_blank\" rel=\"noopener\"><img loading=\"lazy\" decoding=\"async\" class=\"alignnone wp-image-123 size-thumbnail\" src=\"https:\/\/gretaschneider.at\/wp-content\/uploads\/2023\/06\/IMG_9224-150x150.jpg\" alt=\"\" width=\"150\" height=\"150\" \/><\/a><br \/>\n<span class=\"Stil20\"><strong>patzer<\/strong><br \/>\nbleistift auf papier\u00a0<\/span><span class=\"Stil20\">30\/20<br \/>\n2009<br \/>\n<\/span><\/p>\n<hr \/>\n<p><a href=\"https:\/\/gretaschneider.at\/wp-content\/uploads\/2024\/08\/IMG_9226-scaled.jpg\" target=\"_blank\" rel=\"noopener\"><img loading=\"lazy\" decoding=\"async\" class=\"alignnone wp-image-124 size-thumbnail\" src=\"https:\/\/gretaschneider.at\/wp-content\/uploads\/2023\/06\/IMG_9226-150x150.jpg\" alt=\"\" width=\"150\" height=\"150\" \/><\/a><br \/>\n<span class=\"Stil20\"><strong>m\u00e4nner<\/strong><br \/>\nbleistift auf papier\u00a0<\/span><span class=\"Stil20\">30\/20<\/span><span class=\"Stil20\"><br \/>\n2009<\/span><\/p>\n<hr \/>\n<p><a href=\"https:\/\/gretaschneider.at\/wp-content\/uploads\/2024\/08\/IMG_9234-2-scaled.jpg\" target=\"_blank\" rel=\"noopener\"><img loading=\"lazy\" decoding=\"async\" class=\"alignnone wp-image-126 size-thumbnail\" src=\"https:\/\/gretaschneider.at\/wp-content\/uploads\/2023\/06\/IMG_9234-150x150.jpg\" alt=\"\" width=\"150\" height=\"150\" \/><\/a><br \/>\n<span class=\"Stil20\"><strong>babuschka<\/strong><br \/>\nacryl\/buntstift auf papier\u00a0<\/span><span class=\"Stil20\">40\/30<br \/>\n2008<\/span><\/p>\n<hr \/>\n<p><a href=\"https:\/\/gretaschneider.at\/wp-content\/uploads\/2023\/06\/IMG_9253.jpg\" target=\"_blank\" rel=\"noopener\"><img loading=\"lazy\" decoding=\"async\" class=\"alignnone wp-image-127 size-thumbnail\" src=\"https:\/\/gretaschneider.at\/wp-content\/uploads\/2023\/06\/IMG_9253-150x150.jpg\" alt=\"\" width=\"150\" height=\"150\" \/><\/a><br \/>\n<strong>weihnachtsstern<\/strong><br \/>\nacryl\/\u00f6lkreide auf papier 40\/30<br \/>\n2008<\/p>\n<hr \/>\n<p><a href=\"https:\/\/gretaschneider.at\/wp-content\/uploads\/2024\/08\/IMG_9261-2-scaled.jpg\" target=\"_blank\" rel=\"noopener\"><img loading=\"lazy\" decoding=\"async\" class=\"alignnone wp-image-128 size-thumbnail\" src=\"https:\/\/gretaschneider.at\/wp-content\/uploads\/2023\/06\/IMG_9261-150x150.jpg\" alt=\"\" width=\"150\" height=\"150\" \/><\/a><br \/>\n<span class=\"Stil20\"><strong>stacheliges<\/strong><br \/>\nacryl\/kreidestift auf papier\u00a0<\/span><span class=\"Stil20\">30\/20<br \/>\n2008<\/span><\/p>\n<hr \/>\n<p><a href=\"https:\/\/gretaschneider.at\/wp-content\/uploads\/2024\/08\/IMG_9273-scaled.jpg\" target=\"_blank\" rel=\"noopener\"><img loading=\"lazy\" decoding=\"async\" class=\"alignnone wp-image-129 size-thumbnail\" src=\"https:\/\/gretaschneider.at\/wp-content\/uploads\/2023\/06\/IMG_9273-150x150.jpg\" alt=\"\" width=\"150\" height=\"150\" \/><\/a><br \/>\n<span class=\"Stil20\"><strong>traubenhyazinthen<\/strong><br \/>\nbuntstift auf papier\u00a0<\/span><span class=\"Stil20\">30\/20<br \/>\n2008<\/span><\/p>\n<hr \/>\n<p><a href=\"https:\/\/gretaschneider.at\/wp-content\/uploads\/2024\/08\/IMG_9276-scaled.jpg\" target=\"_blank\" rel=\"noopener\"><img loading=\"lazy\" decoding=\"async\" class=\"alignnone wp-image-130 size-thumbnail\" src=\"https:\/\/gretaschneider.at\/wp-content\/uploads\/2023\/06\/IMG_9276-150x150.jpg\" alt=\"\" width=\"150\" height=\"150\" \/><\/a><br \/>\n<span class=\"Stil20\"><strong>obstkorb<\/strong><br \/>\nbleistift auf papier\u00a0<\/span><span class=\"Stil20\">30\/20<br \/>\n2008<\/span><\/p>\n<hr \/>\n<p><a href=\"https:\/\/gretaschneider.at\/wp-content\/uploads\/2024\/08\/IMG_9281-scaled.jpg\" target=\"_blank\" rel=\"noopener\"><img loading=\"lazy\" decoding=\"async\" class=\"alignnone wp-image-131 size-thumbnail\" src=\"https:\/\/gretaschneider.at\/wp-content\/uploads\/2023\/06\/IMG_9281-150x150.jpg\" alt=\"\" width=\"150\" height=\"150\" \/><\/a><br \/>\n<span class=\"Stil20\"><strong>ein paar nur<\/strong><br \/>\nbleistift auf papier\u00a0<\/span><span class=\"Stil20\">30\/20<br \/>\n2008<\/span><\/p>\n<hr \/>\n<p><a href=\"https:\/\/gretaschneider.at\/wp-content\/uploads\/2024\/08\/IMG_9284-scaled.jpg\" target=\"_blank\" rel=\"noopener\"><img loading=\"lazy\" decoding=\"async\" class=\"alignnone wp-image-132 size-thumbnail\" src=\"https:\/\/gretaschneider.at\/wp-content\/uploads\/2023\/06\/IMG_9284-150x150.jpg\" alt=\"\" width=\"150\" height=\"150\" \/><\/a><br \/>\n<span class=\"Stil20\"><strong>obstkorb mit v\u00f6slauer<\/strong><br \/>\nmischtechnik auf papier\u00a0<\/span><span class=\"Stil20\">40\/30<br \/>\n2008<\/span><\/p>\n<hr \/>\n<p><a href=\"https:\/\/gretaschneider.at\/wp-content\/uploads\/2024\/08\/IMG_9285-2-scaled.jpg\" target=\"_blank\" rel=\"noopener\"><img loading=\"lazy\" decoding=\"async\" class=\"alignnone wp-image-133 size-thumbnail\" src=\"https:\/\/gretaschneider.at\/wp-content\/uploads\/2023\/06\/IMG_9285-150x150.jpg\" alt=\"\" width=\"150\" height=\"150\" \/><\/a><br \/>\n<span class=\"Stil20\"><strong>ernis malbecher<\/strong><br \/>\nmischtechnik auf papier <\/span><span class=\"Stil20\">30\/20<br \/>\n2008<\/span><\/p>\n<hr \/>\n<p><a href=\"https:\/\/gretaschneider.at\/wp-content\/uploads\/2024\/08\/IMG_9287-scaled.jpg\" target=\"_blank\" rel=\"noopener\"><img loading=\"lazy\" decoding=\"async\" class=\"alignnone wp-image-134 size-thumbnail\" src=\"https:\/\/gretaschneider.at\/wp-content\/uploads\/2023\/06\/IMG_9287-150x150.jpg\" alt=\"\" width=\"150\" height=\"150\" \/><\/a><br \/>\n<span class=\"Stil20\"><strong>musikinstrumente<\/strong><br \/>\nbuntstift auf papier <\/span><span class=\"Stil20\">30\/20<br \/>\n2008<\/span><\/p>\n<hr \/>\n<p><a href=\"https:\/\/gretaschneider.at\/wp-content\/uploads\/2024\/08\/IMG_9294-1-scaled.jpg\" target=\"_blank\" rel=\"noopener\"><img loading=\"lazy\" decoding=\"async\" class=\"alignnone wp-image-135 size-thumbnail\" src=\"https:\/\/gretaschneider.at\/wp-content\/uploads\/2023\/06\/IMG_9294-150x150.jpg\" alt=\"\" width=\"150\" height=\"150\" \/><\/a><br \/>\n<span class=\"Stil20\"><strong>k\u00fcrbishaft<\/strong><br \/>\nmischtechnik auf papier\u00a0<\/span><span class=\"Stil20\">40\/30<br \/>\n2008<\/span><\/p>\n<hr \/>\n<p><a href=\"https:\/\/gretaschneider.at\/wp-content\/uploads\/2024\/08\/IMG_9312-scaled.jpg\" target=\"_blank\" rel=\"noopener\"><img loading=\"lazy\" decoding=\"async\" class=\"alignnone wp-image-136 size-thumbnail\" src=\"https:\/\/gretaschneider.at\/wp-content\/uploads\/2023\/06\/IMG_9310-150x150.jpg\" alt=\"\" width=\"150\" height=\"150\" \/><\/a><br \/>\n<span class=\"Stil20\"><strong>statt blumen<\/strong><br \/>\nmischtechnik auf papier\u00a0<\/span><span class=\"Stil20\">60\/50<br \/>\n2008<\/span><\/p>\n<hr \/>\n<p><a href=\"https:\/\/gretaschneider.at\/wp-content\/uploads\/2024\/08\/IMG_9318-2-scaled.jpg\" target=\"_blank\" rel=\"noopener\"><img loading=\"lazy\" decoding=\"async\" class=\"alignnone wp-image-138 size-thumbnail\" src=\"https:\/\/gretaschneider.at\/wp-content\/uploads\/2023\/06\/IMG_9318-150x150.jpg\" alt=\"\" width=\"150\" height=\"150\" srcset=\"https:\/\/gretaschneider.at\/wp-content\/uploads\/2023\/06\/IMG_9318-150x150.jpg 150w, https:\/\/gretaschneider.at\/wp-content\/uploads\/2023\/06\/IMG_9318-300x300.jpg 300w, https:\/\/gretaschneider.at\/wp-content\/uploads\/2023\/06\/IMG_9318.jpg 400w\" sizes=\"auto, (max-width: 150px) 100vw, 150px\" \/><\/a><br \/>\n<span class=\"Stil20\"><strong>die feen amarylis<br \/>\n<\/strong><\/span><span class=\"Stil20\">tusche auf papier\u00a0<\/span><span class=\"Stil20\">50\/40<br \/>\n<\/span><span class=\"Stil20\">2008<\/span><\/p>\n<hr \/>\n<p><a href=\"https:\/\/gretaschneider.at\/wp-content\/uploads\/2024\/08\/IMG_9323-2-scaled.jpg\" target=\"_blank\" rel=\"noopener\"><img loading=\"lazy\" decoding=\"async\" class=\"alignnone wp-image-139 size-thumbnail\" src=\"https:\/\/gretaschneider.at\/wp-content\/uploads\/2023\/06\/IMG_9323-150x150.jpg\" alt=\"\" width=\"150\" height=\"150\" \/><\/a><br \/>\n<span class=\"Stil20\"><strong>bald nun<\/strong><br \/>\n\u00f6lkreide\/bleistift auf papier\u00a0<\/span><span class=\"Stil20\">30\/40<br \/>\n2008<\/span><\/p>\n<hr \/>\n<p><a href=\"https:\/\/gretaschneider.at\/wp-content\/uploads\/2024\/08\/IMG_9324-scaled.jpg\" target=\"_blank\" rel=\"noopener\"><img loading=\"lazy\" decoding=\"async\" class=\"alignnone wp-image-140 size-thumbnail\" src=\"https:\/\/gretaschneider.at\/wp-content\/uploads\/2023\/06\/IMG_9324-150x150.jpg\" alt=\"\" width=\"150\" height=\"150\" \/><\/a><br \/>\n<span class=\"Stil20\"><strong>chiantigeschenkspackung 1<\/strong><br \/>\nmischtechnik auf papier\u00a0<\/span><span class=\"Stil20\">40\/50<br \/>\n2008<\/span><\/p>\n<hr \/>\n<p><a href=\"https:\/\/gretaschneider.at\/wp-content\/uploads\/2024\/08\/IMG_9325-scaled.jpg\" target=\"_blank\" rel=\"noopener\"><img loading=\"lazy\" decoding=\"async\" class=\"alignnone wp-image-141 size-thumbnail\" src=\"https:\/\/gretaschneider.at\/wp-content\/uploads\/2023\/06\/IMG_9326-150x150.jpg\" alt=\"\" width=\"150\" height=\"150\" \/><\/a><br \/>\n<span class=\"Stil20\"><strong>chiantigeschenkspackung 2<\/strong><br \/>\nmischtechnik auf papier\u00a0<\/span><span class=\"Stil20\">40\/50<br \/>\n2008<\/span><\/p>\n<hr \/>\n<p><a href=\"https:\/\/gretaschneider.at\/wp-content\/uploads\/2023\/06\/IMG_9327.jpg\" target=\"_blank\" rel=\"noopener\"><img loading=\"lazy\" decoding=\"async\" class=\"alignnone wp-image-142 size-thumbnail\" src=\"https:\/\/gretaschneider.at\/wp-content\/uploads\/2023\/06\/IMG_9327-150x150.jpg\" alt=\"\" width=\"150\" height=\"150\" \/><\/a><br \/>\n<span class=\"Stil20\"><strong>chiantigeschenkspackung 3<\/strong><br \/>\nmischtechnik auf papier\u00a0<\/span><span class=\"Stil20\">40\/50<br \/>\n2008<\/span><\/p>\n<hr \/>\n<p><a href=\"https:\/\/gretaschneider.at\/wp-content\/uploads\/2024\/08\/IMG_9333-scaled.jpg\" target=\"_blank\" rel=\"noopener\"><img loading=\"lazy\" decoding=\"async\" class=\"alignnone wp-image-143 size-thumbnail\" src=\"https:\/\/gretaschneider.at\/wp-content\/uploads\/2023\/06\/IMG_9333-150x150.jpg\" alt=\"\" width=\"150\" height=\"150\" \/><\/a><br \/>\n<span class=\"Stil20\"><strong>fritz oder franz<\/strong><br \/>\ntusche auf papier\u00a0<\/span><span class=\"Stil20\">60\/50<br \/>\n2008<\/span><\/p>\n<hr \/>\n<p><a href=\"https:\/\/gretaschneider.at\/wp-content\/uploads\/2024\/08\/IMG_9341-scaled.jpg\" target=\"_blank\" rel=\"noopener\"><img loading=\"lazy\" decoding=\"async\" class=\"alignnone wp-image-144 size-thumbnail\" src=\"https:\/\/gretaschneider.at\/wp-content\/uploads\/2023\/06\/IMG_9341-150x150.jpg\" alt=\"\" width=\"150\" height=\"150\" \/><\/a><br \/>\n<span class=\"Stil20\"><strong>greti<\/strong><br \/>\nbleistift auf papier <\/span><span class=\"Stil20\">90\/60<br \/>\n2009<\/span><\/p>\n<hr \/>\n<p><a href=\"https:\/\/gretaschneider.at\/wp-content\/uploads\/2024\/08\/IMG_5631-scaled.jpg\" target=\"_blank\" rel=\"noopener\"><img loading=\"lazy\" decoding=\"async\" class=\"alignnone wp-image-156 size-thumbnail\" src=\"https:\/\/gretaschneider.at\/wp-content\/uploads\/2023\/06\/IMG_5631-150x150.jpg\" alt=\"\" width=\"150\" height=\"150\" \/><\/a><br \/>\n<span class=\"Stil20\"><strong>das herzschwein liebt alle<\/strong><br \/>\nmischtechnik auf papier\u00a0<\/span><span class=\"Stil20\">20\/30<\/span><span class=\"Stil20\"><br \/>\n2008<\/span><\/p>\n","protected":false},"excerpt":{"rendered":"<p>fritz und franz tusche auf papier\u00a050\/60 2008 obstengel acryl und \u00f6lkreide auf papier 30\/20 2008 l\u00f6wenm\u00e4uler acryl und \u00f6lkreide auf papier\u00a030\/20 2008 patzer bleistift auf papier\u00a030\/20 2009 m\u00e4nner bleistift auf papier\u00a030\/20 2009 babuschka acryl\/buntstift auf papier\u00a040\/30 2008 weihnachtsstern acryl\/\u00f6lkreide auf papier 40\/30 2008 stacheliges acryl\/kreidestift auf papier\u00a030\/20 2008 traubenhyazinthen buntstift auf papier\u00a030\/20 2008 obstkorb bleistift [&hellip;]<\/p>\n","protected":false},"author":1,"featured_media":0,"parent":21,"menu_order":2,"comment_status":"closed","ping_status":"closed","template":"","meta":{"footnotes":""},"class_list":["post-118","page","type-page","status-publish","hentry"],"_links":{"self":[{"href":"https:\/\/gretaschneider.at\/index.php\/wp-json\/wp\/v2\/pages\/118","targetHints":{"allow":["GET"]}}],"collection":[{"href":"https:\/\/gretaschneider.at\/index.php\/wp-json\/wp\/v2\/pages"}],"about":[{"href":"https:\/\/gretaschneider.at\/index.php\/wp-json\/wp\/v2\/types\/page"}],"author":[{"embeddable":true,"href":"https:\/\/gretaschneider.at\/index.php\/wp-json\/wp\/v2\/users\/1"}],"replies":[{"embeddable":true,"href":"https:\/\/gretaschneider.at\/index.php\/wp-json\/wp\/v2\/comments?post=118"}],"version-history":[{"count":21,"href":"https:\/\/gretaschneider.at\/index.php\/wp-json\/wp\/v2\/pages\/118\/revisions"}],"predecessor-version":[{"id":522,"href":"https:\/\/gretaschneider.at\/index.php\/wp-json\/wp\/v2\/pages\/118\/revisions\/522"}],"up":[{"embeddable":true,"href":"https:\/\/gretaschneider.at\/index.php\/wp-json\/wp\/v2\/pages\/21"}],"wp:attachment":[{"href":"https:\/\/gretaschneider.at\/index.php\/wp-json\/wp\/v2\/media?parent=118"}],"curies":[{"name":"wp","href":"https:\/\/api.w.org\/{rel}","templated":true}]}}